{"id":91,"date":"2020-09-09T12:16:41","date_gmt":"2020-09-09T10:16:41","guid":{"rendered":"https:\/\/entw.proetcon.de\/?page_id=91"},"modified":"2025-03-31T13:35:52","modified_gmt":"2025-03-31T11:35:52","slug":"itzbund","status":"publish","type":"page","link":"https:\/\/entw.proetcon.de\/index.php\/software-migration\/success-stories\/itzbund\/","title":{"rendered":"Erfolg\u00adrei\u00adche BS2000-Migration bei ITZBund"},"content":{"rendered":"<div id=\"pl-gb91-69d2a0c5d5699\" class=\"panel-layout wp-block-siteorigin-panels-layout-block\"><div id=\"pg-gb91-69d2a0c5d5699-0\" class=\"panel-grid panel-no-style\"><div id=\"pgc-gb91-69d2a0c5d5699-0-0\" class=\"panel-grid-cell\"><div id=\"panel-gb91-69d2a0c5d5699-0-0-0\" class=\"so-panel widget widget_text panel-first-child panel-last-child\" data-index=\"0\"><div class=\"panel-widget-style panel-widget-style-for-gb91-69d2a0c5d5699-0-0-0\">\t\t\t<div class=\"textwidget\"><p><strong><a href=\"https:\/\/entw.proetcon.de\/\">HOME<\/a> &gt; <a href=\"https:\/\/entw.proetcon.de\/index.php\/software-migration\/\">SOFTWARE-MIGRATION<\/a> &gt; <a href=\"https:\/\/entw.proetcon.de\/index.php\/software-migration\/success-stories\/\">SUCCESS STORIES<\/a> &gt; <a href=\"https:\/\/entw.proetcon.de\/index.php\/software-migration\/success-stories\/itzbund\/\">ITZBUND<\/a><\/strong><\/p>\n<\/div>\n\t\t<\/div><\/div><\/div><\/div><div id=\"pg-gb91-69d2a0c5d5699-1\" class=\"panel-grid panel-has-style\"><div class=\"panel-row-style panel-row-style-for-gb91-69d2a0c5d5699-1\"><div id=\"pgc-gb91-69d2a0c5d5699-1-0\" class=\"panel-grid-cell\"><div id=\"panel-gb91-69d2a0c5d5699-1-0-0\" class=\"so-panel widget widget_siteorigin-panels-builder panel-first-child panel-last-child\" data-index=\"1\"><div class=\"panel-widget-style panel-widget-style-for-gb91-69d2a0c5d5699-1-0-0\"><div id=\"pl-w673f37dadcac0\" class=\"panel-layout wp-block-siteorigin-panels-layout-block\"><div id=\"pg-w673f37dadcac0-0\" class=\"panel-grid panel-has-style\"><div class=\"panel-row-style panel-row-style-for-w673f37dadcac0-0\"><div id=\"pgc-w673f37dadcac0-0-0\" class=\"panel-grid-cell\"><div id=\"panel-w673f37dadcac0-0-0-0\" class=\"so-panel widget widget_media_image panel-first-child panel-last-child\" data-index=\"0\"><div class=\"panel-widget-style panel-widget-style-for-w673f37dadcac0-0-0-0\"><img decoding=\"async\" width=\"138\" height=\"138\" src=\"https:\/\/entw.proetcon.de\/wp-content\/uploads\/2024\/11\/logo_itzbund_weisser_rahmen.svg\" class=\"image wp-image-12493  attachment-full size-full\" alt=\"Logo ITZBund\" style=\"max-width: 100%; height: auto;\"><\/div><\/div><\/div><div id=\"pgc-w673f37dadcac0-0-1\" class=\"panel-grid-cell\"><div id=\"panel-w673f37dadcac0-0-1-0\" class=\"so-panel widget widget_text panel-first-child panel-last-child\" data-index=\"1\">\t\t\t<div class=\"textwidget\"><p>Das <a href=\"https:\/\/www.itzbund.de\/\" target=\"_blank\" rel=\"noopener\">Infor\u00adma\u00adti\u00adons\u00adtech\u00adnik\u00adzen\u00adtrum Bund<\/a> (ITZBund) ist der zentrale IT-Diens\u00adt\u00ad\u00adleis\u00ad\u00adter f\u00fcr die deutsche Bundes\u00adver\u00adwal\u00adtung. Die Digita\u00adli\u00adsie\u00adrung der \u00f6ffent\u00adli\u00adchen Verwal\u00adtung hat f\u00fcr ganz Deutsch\u00adland gro\u00dfe Bedeu\u00adtung. Das ITZBund hat den politi\u00adschen Auftrag der Bundes\u00adre\u00adgie\u00adrung, die Verwal\u00adtung mit moder\u00adner IT zu unter\u00adst\u00fct\u00adzen und bereit f\u00fcr die digitale Zukunft zu machen.<\/p>\n<\/div>\n\t\t<\/div><\/div><\/div><\/div><\/div><\/div><\/div><\/div><\/div><\/div><div id=\"pg-gb91-69d2a0c5d5699-2\" class=\"panel-grid panel-has-style\"><div class=\"panel-row-style panel-row-style-for-gb91-69d2a0c5d5699-2\"><div id=\"pgc-gb91-69d2a0c5d5699-2-0\" class=\"panel-grid-cell\"><div id=\"panel-gb91-69d2a0c5d5699-2-0-0\" class=\"so-panel widget widget_text panel-first-child\" data-index=\"2\"><div class=\"panel-widget-style panel-widget-style-for-gb91-69d2a0c5d5699-2-0-0\">\t\t\t<div class=\"textwidget\"><p>Die Wirkung von k\u00fchlem Bier oder anderen geist\u00adrei\u00adchen Getr\u00e4n\u00adken ist allge\u00admein bekannt. Wir durften im vergan\u00adge\u00adnen Jahr ganz neue Erfah\u00adrun\u00adgen auf diesem Gebiet sammeln. Aller\u00addings ging es f\u00fcr uns nicht um den Genuss, sondern um die toolge\u00adst\u00fctzte Migration eines komple\u00adxen Software\u00adpro\u00adjek\u00adtes zur Verwal\u00adtung von Alkoho\u00adlika von BS2000 nach Linux. Wie \u00fcblich gab es dabei wieder eine Reihe neuer Heraus\u00adfor\u00adde\u00adrun\u00adgen. Dieser Bericht vermit\u00adtelt Erkennt\u00adnisse und Erfah\u00adrun\u00adgen aus der Zusam\u00admen\u00adar\u00adbeit zwischen <a class=\"extern\" href=\"https:\/\/www.itzbund.de\/\" target=\"_blank\" rel=\"noopener\">Infor\u00adma\u00adti\u00adons\u00adtech\u00adnik\u00adzen\u00adtrum Bund<\/a> (ITZBund) und uns, welche in diesem Projekt gewon\u00adnen wurden.<\/p>\n<h2>Neue BIBER- und ZEBRA-Gehege<\/h2>\n<p>ITZBund ist der IT-Diens\u00adt\u00ad\u00adleis\u00ad\u00adter des Bundes. 2.400 Mitarbeiter(innen) beraten, unter\u00adst\u00fct\u00adzen und sichern den laufen\u00adden Betrieb sowie die Versor\u00adgung mit Infor\u00adma\u00adti\u00adons\u00adtech\u00adnik und spezi\u00adell entwi\u00adckel\u00adten IT-L\u00f6sun\u00ad\u00adgen. Im Projekt sollten zwei IT-L\u00f6sun\u00ad\u00adgen (sog. Verfah\u00adren) zur Festset\u00adzung und Erhebung von Bier- bzw. Alkohol\u00adsteu\u00adern migriert werden. Die Verfah\u00adren BIBER (Biersteu\u00ader\u00adbe\u00adrech\u00adnung) und ZEBRA (Zentra\u00adli\u00adsie\u00adrung des Brennens unter Abfin\u00addung) sind histo\u00adrisch gewach\u00adsen und seit mehr als 30 Jahren im Einsatz. Sie erzeu\u00adgen ca. 220.000 Bescheide mit einem Steuer\u00adauf\u00adkom\u00admen von 740 Millio\u00adnen Euro pro Jahr. Sie wurden auf BS2000 betrie\u00adben und es kamen typische BS2000-Werkzeuge zum Einsatz. Technisch bestehen beide Verfah\u00adren aus 60 inter\u00adak\u00adti\u00adven Online-Program\u00ad\u00admen (IFG-Masken) unter der Steue\u00adrung des Trans\u00adak\u00adti\u00adons\u00admo\u00adni\u00adtors UTM und aus 300 Batch\u00adpro\u00adgram\u00admen (COBOL), zu deren Steue\u00adrung und Verwal\u00adtung ca. 200 SDF-Jobs einge\u00adsetzt werden. Die Daten werden in ca. 220 SAM\u2011, ISAM- und LEASY-Dateien verwaltet.<\/p>\n<h2>Was Du heute kannst besorgen\u2026<\/h2>\n<p>Wir verf\u00fc\u00adgen \u00fcber eine firmen\u00adei\u00adgene Toolbox namens <a href=\"https:\/\/entw.proetcon.de\/index.php\/software-migration\/technologien-und-werkzeuge\/\">pecBOX (pro et con \u2013 Toolbox f\u00fcr die Software-Migration)<\/a>. Mit dieser konnten alle notwen\u00addi\u00adgen Migra\u00adti\u00adons\u00adpfade des Projek\u00adtes unter\u00adst\u00fctzt werden. Die folgende Tabelle dokumen\u00adtiert diese und die einge\u00adsetz\u00adten Migrationswerkzeuge.<\/p>\n<table class=\"datatab\" border=\"0\" cellspacing=\"0\">\n<tbody>\n<tr>\n<th>Basis\u00adsys\u00adtem (BS2000)<\/th>\n<th>Zielsys\u00adtem<\/th>\n<th>Migra\u00adti\u00adons\u00adwerk\u00adzeug<\/th>\n<\/tr>\n<tr>\n<td class=\"data\">COBOL<\/td>\n<td class=\"data\">Java<\/td>\n<td class=\"data\">CoJaC<\/td>\n<\/tr>\n<tr>\n<td class=\"data\">JCL (SDF)<\/td>\n<td class=\"data\">Perl<\/td>\n<td class=\"data\">S2P<\/td>\n<\/tr>\n<tr>\n<td class=\"data\">Masken (IFG)<\/td>\n<td class=\"data\">HTML, JavaScript<\/td>\n<td class=\"data\">MaTriX<\/td>\n<\/tr>\n<tr>\n<td class=\"data\">Dateien (SAM)<\/td>\n<td class=\"data\">Linux-Files<\/td>\n<td class=\"data\">FiRe<\/td>\n<\/tr>\n<tr>\n<td class=\"data\">Dateien (ISAM, LEASY)<\/td>\n<td class=\"data\">Oracle<\/td>\n<td class=\"data\">FiRe<\/td>\n<\/tr>\n<tr>\n<td class=\"data\">Middle\u00adware (UTM)<\/td>\n<td class=\"data\">MidaS<\/td>\n<td class=\"data\">\u2013<\/td>\n<\/tr>\n<\/tbody>\n<\/table>\n<p>Dass quali\u00adta\u00adtiv gute Migra\u00adti\u00adons\u00adwerk\u00adzeuge die Projekt\u00adlauf\u00adzeit verk\u00fcr\u00adzen und Budget schonen, ist nicht neu. Das Projekt konnte nur so im vorge\u00adge\u00adbe\u00adnen, engen Zeitrah\u00admen reali\u00adsiert werden. Aber auch die Erfah\u00adrung: \u201cFertige Werkzeuge gibt es nicht!\u201d wurde best\u00e4\u00adtigt. Konkret mussten z.B. <a href=\"https:\/\/entw.proetcon.de\/index.php\/software-migration\/technologien-und-werkzeuge\/cojac\">CoJaC<\/a> und <a href=\"https:\/\/entw.proetcon.de\/index.php\/software-migration\/technologien-und-werkzeuge\/fire\/\">FiRe<\/a> das \u201cR\u00fcckw\u00e4rts\u00adle\u00adsen\u201d von LEASY-Dateien lernen. Bei diesen Anpas\u00adsun\u00adgen favori\u00adsie\u00adren wir die Erwei\u00adte\u00adrung unserer Tools gegen\u00ad\u00fcber einer manuel\u00adlen Anpas\u00adsung des Source\u00adcodes. In fr\u00fchen Projekt\u00adsta\u00addien kann nicht einge\u00adsch\u00e4tzt werden, warum und wie h\u00e4ufig schon konver\u00adtierte Programme erneut konver\u00adtiert werden m\u00fcssen. Die manuelle Anpas\u00adsung m\u00fcsste dann jedes Mal wieder\u00adholt werden. Da alle Werkzeuge auf deskrip\u00adti\u00adven Model\u00adlen und Metawerk\u00adzeu\u00adgen basie\u00adren, ist deren Anpas\u00adsung in einem akzep\u00adta\u00adblen Zeitrah\u00admen m\u00f6glich. pecBOX enth\u00e4lt dar\u00fcber hinaus auch System\u00adkom\u00adpo\u00adnen\u00adten f\u00fcr das Zielsys\u00adtem. Ein Beispiel daf\u00fcr ist MidaS (Middle\u00adware als Service). Dieses von uns entwi\u00adckelte Tool ersetzt den BS2000-Trans\u00adak\u00ad\u00adti\u00adons\u00ad\u00admo\u00ad\u00adni\u00ad\u00adtor UTM im Zielsys\u00adtem. Durch einen fr\u00fchzei\u00adti\u00adgen Lasttest konnte nachge\u00adwie\u00adsen werden, dass die Perfor\u00admance von MidaS den prakti\u00adschen Anfor\u00adde\u00adrun\u00adgen gen\u00fcgt und deshalb auf den Einsatz von kosten\u00adpflich\u00adti\u00adger Standard\u00adsoft\u00adware verzich\u00adtet werden kann.<\/p>\n<h2>Wissen ist&nbsp;Macht<\/h2>\n<p>Die erste Phase eines Migra\u00adti\u00adons\u00adpro\u00adjek\u00adtes beinhal\u00adtet ein toolba\u00adsier\u00adtes Reverse Enginee\u00adring mit unserem Werkzeug Flow Graph Manipu\u00adla\u00adtor (FGM). Dabei wird ein spezi\u00adel\u00adles Augen\u00admerk auf jene Aspekte gewor\u00adfen, die Risiken f\u00fcr die Migration darstel\u00adlen. Im vorlie\u00adgen\u00adden Fall lagen diese vor allem in der Daten\u00adhal\u00adtung. Laut definier\u00adtem Migra\u00adti\u00adons\u00adpfad sollten ISAM- und LEASY-Dateien durch FiRe in Oracle-Tabel\u00ad\u00adlen migriert werden. In der Analyse wurde eine Beson\u00adder\u00adheit identi\u00adfi\u00adziert: Die dynami\u00adschen Inhalte aus den Dateien werden bei der Programm\u00adaus\u00adf\u00fch\u00adrung durch stati\u00adsche Inhalte (Konstan\u00adten) aus den Program\u00admen angerei\u00adchert und danach \u00fcber eine Drucker\u00adschnitt\u00adstelle ausge\u00adge\u00adben. Schon vor der Migration musste deshalb das Encoding der Daten und Quell\u00adtexte (inkl. Konstan\u00adten) verein\u00adheit\u00adlicht werden. Dieser Punkt betraf also nicht nur eine Anpas\u00adsung von FiRe, sondern erstreckte sich auch auf weitere Aspekte der Migration. Je fr\u00fcher solche vermeint\u00adli\u00adchen Kleinig\u00adkei\u00adten im Projekt erkannt werden, desto gerin\u00adger ist der Aufwand ihrer Behebung, da eventu\u00adell schon eine Konfi\u00adgu\u00adra\u00adtion der Migra\u00adti\u00adons\u00adwerk\u00adzeuge ausreicht.<\/p>\n<h2>Versuch macht&nbsp;klug<\/h2>\n<p>Nach einer detail\u00adlier\u00adten Analyse und ausge\u00adstat\u00adtet mit einem vollen Werkzeug\u00adkas\u00adten sollte man davon ausge\u00adhen k\u00f6nnen, dass die eigent\u00adli\u00adche Migration direkt in der Breite gestar\u00adtet werden kann. Unsere Erfah\u00adrun\u00adgen belegen etwas anderes. In der erstma\u00adli\u00adgen Kombi\u00adna\u00adtion von Werkzeu\u00adgen und Kunden\u00adan\u00adfor\u00adde\u00adrun\u00adgen stecken unbekannte Heraus\u00adfor\u00adde\u00adrun\u00adgen. Aus diesem Grund wurde vor dem Gesamt\u00adpro\u00adjekt ein Pilot migriert, welcher einen verti\u00adka\u00adlen Schnitt durch die Anwen\u00addung (Maske(n), Programm(e), Jobs, Daten) geboten hat. Dadurch wurden alle Migra\u00adti\u00adons\u00adpfade einmal durch\u00adlau\u00adfen und die Tools und Techno\u00adlo\u00adgien (zumin\u00addest zum Teil) genutzt. Dieses Vorge\u00adhen erwies sich als n\u00fctzlich, wurden doch wesent\u00adli\u00adche Erkennt\u00adnisse gewon\u00adnen. So erfolgte z.B. die Entschei\u00addung, das Drucken in ein separa\u00adtes Tool auszu\u00adla\u00adgern und nicht \u00fcber die in den Laufzeit\u00adsys\u00adte\u00admen existie\u00adren\u00adden L\u00f6sun\u00adgen abzubil\u00adden. Diese h\u00e4tten den kunden\u00adspe\u00adzi\u00adfi\u00adschen Anfor\u00adde\u00adrun\u00adgen nicht gen\u00fcgt. Aufgrund dieses Vorge\u00adhens wurden zus\u00e4tz\u00adli\u00adche Anfor\u00adde\u00adrun\u00adgen erkannt und vor der eigent\u00adli\u00adchen Migration imple\u00admen\u00adtiert. Das reduzierte das Risiko, die Werkzeug\u00adan\u00adpas\u00adsun\u00adgen neben den Aufga\u00adben der Migration vorneh\u00admen zu m\u00fcssen.<\/p>\n<h2>Divide et impera<\/h2>\n<p>Bei einem Migra\u00adti\u00adons\u00adpro\u00adjekt, welches alle Facet\u00adten von Legacy-Syste\u00ad\u00admen wider\u00adspie\u00adgelt, besteht die Heraus\u00adfor\u00adde\u00adrung, die Komple\u00adxi\u00adt\u00e4t der Migra\u00ad\u00adti\u00adons- und Testpro\u00adzesse zu reduzie\u00adren. Im vorlie\u00adgen\u00adden Projekt wurde dem Rechnung getra\u00adgen, indem unser Partner ITZBund die Anwen\u00addung in einzelne Pakete aufteilte. Die Basis f\u00fcr die Auftei\u00adlung waren die (Gesch\u00e4fts-)Prozesse, welche sinnvoll in Pakete zusam\u00admen\u00adge\u00adfasst wurden. Die dadurch m\u00f6gli\u00adche Paral\u00adle\u00adli\u00adsie\u00adrung von Migration und Test zeigte im Projekt viele Vorteile. Ein wesent\u00adli\u00adcher Punkt war auch die Kommu\u00adni\u00adka\u00adtion zu den Fachleu\u00adten von ITZBund. Diese kennen ihre Prozesse und konnten valide Testda\u00adten bereit\u00adstel\u00adlen. Diese Daten und die definier\u00adten Prozesse boten auch die M\u00f6glich\u00adkeit der Automa\u00adti\u00adsie\u00adrung. Dazu wurden die Prozesse und die passen\u00adden Daten normiert und in Testf\u00e4lle \u00fcberf\u00fchrt, was den Aufwand f\u00fcr den Test enorm vermin\u00adderte. Durch die Auftei\u00adlung in einzelne Pakete blieben Migration und Test zu jeder Zeit beherrsch\u00adbar und es existierte stets ein \u00dcberblick \u00fcber den Projektfortschritt.<\/p>\n<h2>Man lernt nie&nbsp;aus<\/h2>\n<p>Am 12.09.2016 wurde das Projekt produk\u00adtiv geschal\u00adtet. Erneut wurde mit diesem Projekt bewie\u00adsen, dass der von uns verfolgte, toolba\u00adsierte Ansatz funktio\u00adniert. Das gilt insbe\u00adson\u00addere f\u00fcr die automa\u00adti\u00adsche Sprach\u00adkon\u00adver\u00adtie\u00adrung von COBOL nach Java mit dem Werkzeug CoJaC. Techno\u00adlo\u00adgien und Werkzeuge k\u00f6nnen noch so erprobt und ausge\u00adreift sein, jedes neue Migra\u00adti\u00adons\u00adpro\u00adjekt bietet neue Heraus\u00adfor\u00adde\u00adrun\u00adgen. Dabei entf\u00e4llt auch immer ein nicht unwesent\u00adli\u00adcher Aufwand auf unsere Projekt\u00adpart\u00adner. Diesen hat ITZBund durch Fachwis\u00adsen und aktive Mitar\u00adbeit vorbild\u00adlich geleis\u00adtet. Nur durch eine so enge Zusam\u00admen\u00adar\u00adbeit k\u00f6nnen Migra\u00adti\u00adons\u00adpro\u00adjekte erfolg\u00adreich verlaufen.<\/p>\n<\/div>\n\t\t<\/div><\/div><div id=\"panel-gb91-69d2a0c5d5699-2-0-1\" class=\"so-panel widget widget_text\" data-index=\"3\"><div class=\"panel-widget-style panel-widget-style-for-gb91-69d2a0c5d5699-2-0-1\">\t\t\t<div class=\"textwidget\"><p><a href=\"https:\/\/entw.proetcon.de\/wp-content\/uploads\/2021\/09\/success_story_itzbund.pdf\" target=\"_blank\" rel=\"noopener\"><img decoding=\"async\" class=\"alignnone wp-image-3315\" src=\"https:\/\/entw.proetcon.de\/wp-content\/uploads\/2021\/04\/pdf.svg\" sizes=\"(max-width: 20px) 100vw, 20px\" srcset=\"https:\/\/entw.proetcon.de\/wp-content\/uploads\/\/2021\/04\/pdf.svg 150w, https:\/\/entw.proetcon.de\/wp-content\/uploads\/\/2021\/04\/pdf.svg 300w, https:\/\/entw.proetcon.de\/wp-content\/uploads\/\/2021\/04\/pdf.svg 1024w\" alt width=\"20\" height=\"20\"> Success Story: \u201cErfolg\u00adrei\u00adche BS2000-Migration bei ITZBund\u201d<\/a><\/p>\n<\/div>\n\t\t<\/div><\/div><div id=\"panel-gb91-69d2a0c5d5699-2-0-2\" class=\"so-panel widget widget_sow-button panel-last-child\" data-index=\"4\"><div class=\"so-widget-sow-button so-widget-sow-button-flat-8b88a321bb2d-91\"><div class=\"ow-button-base ow-button-align-left\">\n\t\t\t<a href=\"https:\/\/entw.proetcon.de\/index.php\/software-migration\/success-stories\/\" class=\"sowb-button ow-icon-placement-left ow-button-hover\">\n\t\t<span>\n\t\t\t\n\t\t\t<b>ZUR\u00dcCK ZU DEN SUCCESS STORIES<\/b>\t\t<\/span>\n\t\t\t<\/a>\n\t<\/div>\n<\/div><\/div><\/div><\/div><\/div><\/div>","protected":false},"excerpt":{"rendered":"<p>HOME &gt; SOFTWARE-MIGRATION &gt; SUCCESS STORIES &gt; ITZBUND<\/p>\n","protected":false},"author":1,"featured_media":0,"parent":6828,"menu_order":0,"comment_status":"closed","ping_status":"closed","template":"","meta":{"inline_featured_image":false,"wp_typography_post_enhancements_disabled":false,"footnotes":""},"class_list":["post-91","page","type-page","status-publish","hentry","no-thumb"],"aioseo_notices":[],"_links":{"self":[{"href":"https:\/\/entw.proetcon.de\/index.php\/wp-json\/wp\/v2\/pages\/91","targetHints":{"allow":["GET"]}}],"collection":[{"href":"https:\/\/entw.proetcon.de\/index.php\/wp-json\/wp\/v2\/pages"}],"about":[{"href":"https:\/\/entw.proetcon.de\/index.php\/wp-json\/wp\/v2\/types\/page"}],"author":[{"embeddable":true,"href":"https:\/\/entw.proetcon.de\/index.php\/wp-json\/wp\/v2\/users\/1"}],"replies":[{"embeddable":true,"href":"https:\/\/entw.proetcon.de\/index.php\/wp-json\/wp\/v2\/comments?post=91"}],"version-history":[{"count":0,"href":"https:\/\/entw.proetcon.de\/index.php\/wp-json\/wp\/v2\/pages\/91\/revisions"}],"up":[{"embeddable":true,"href":"https:\/\/entw.proetcon.de\/index.php\/wp-json\/wp\/v2\/pages\/6828"}],"wp:attachment":[{"href":"https:\/\/entw.proetcon.de\/index.php\/wp-json\/wp\/v2\/media?parent=91"}],"curies":[{"name":"wp","href":"https:\/\/api.w.org\/{rel}","templated":true}]}}