{"id":7710,"date":"2022-01-26T14:14:22","date_gmt":"2022-01-26T13:14:22","guid":{"rendered":"https:\/\/entw.proetcon.de\/?page_id=7710"},"modified":"2024-01-25T13:20:31","modified_gmt":"2024-01-25T12:20:31","slug":"itzbund240122","status":"publish","type":"page","link":"https:\/\/entw.proetcon.de\/index.php\/news2022\/itzbund240122\/","title":{"rendered":"ITZBund240122"},"content":{"rendered":"<div id=\"pl-gb7710-69d2a0f0f151b\" class=\"panel-layout\"><div id=\"pg-gb7710-69d2a0f0f151b-0\" class=\"panel-grid panel-has-style\"><div class=\"panel-row-style panel-row-style-for-gb7710-69d2a0f0f151b-0\"><div id=\"pgc-gb7710-69d2a0f0f151b-0-0\" class=\"panel-grid-cell\"><div id=\"panel-gb7710-69d2a0f0f151b-0-0-0\" class=\"so-panel widget widget_siteorigin-panels-builder panel-first-child panel-last-child\" data-index=\"0\"><div id=\"pl-w65b2520ccf266\" class=\"panel-layout\"><div id=\"pg-w65b2520ccf266-0\" class=\"panel-grid panel-no-style\"><div id=\"pgc-w65b2520ccf266-0-0\" class=\"panel-grid-cell\"><div id=\"panel-w65b2520ccf266-0-0-0\" class=\"so-panel widget widget_text panel-first-child panel-last-child\" data-index=\"0\">\t\t\t<div class=\"textwidget\"><h4>07.02.2022 News<\/h4>\n<h2>pro et con setzt Stufe 3 des Online\u00adzu\u00adgangs\u00adge\u00adset\u00adzes f\u00fcr das Fachver\u00adfah\u00adren ZEBRA des ITZBund um<\/h2>\n<\/div>\n\t\t<\/div><\/div><\/div><div id=\"pg-w65b2520ccf266-1\" class=\"panel-grid panel-no-style\"><div id=\"pgc-w65b2520ccf266-1-0\" class=\"panel-grid-cell\"><div id=\"panel-w65b2520ccf266-1-0-0\" class=\"so-panel widget widget_text panel-first-child panel-last-child\" data-index=\"1\">\t\t\t<div class=\"textwidget\"><p><a href=\"https:\/\/www.itzbund.de\" target=\"_blank\" rel=\"noopener\"><img decoding=\"async\" class=\"alignright wp-image-755 \" src=\"https:\/\/entw.proetcon.de\/wp-content\/uploads\/2020\/10\/itzbund-e1604045696125.png\" alt width=\"231\" height=\"135\"><\/a>Aufgrund des neuen Online\u00adzu\u00adgangs\u00adge\u00adset\u00adzes (OZG), welches am 14. August 2017 erlas\u00adsen wurde, sind Bund und L\u00e4nder dazu verpflich\u00adtet, bis 2022 ihre Verwal\u00adtungs\u00adleis\u00adtun\u00adgen auch elektro\u00adnisch \u00fcber Verwal\u00adtungs\u00adpor\u00adtale zug\u00e4ng\u00adlich zu machen.<\/p>\n<p>In Zusam\u00admen\u00adar\u00adbeit mit <a href=\"https:\/\/www.itzbund.de\" target=\"_blank\" rel=\"noopener\">ITZBund<\/a> (dem IT-Diens\u00adt\u00ad\u00adleis\u00ad\u00adter des Bundes) setzte pro et con die dritte Stufe des Online\u00adzu\u00adgangs\u00adge\u00adset\u00adzes f\u00fcr das Fachver\u00adfah\u00adren ZEBRA (Zentra\u00adli\u00adsie\u00adrung des Brennens unter Abfin\u00addung) erfolg\u00adreich um. Ziel war dabei, den Benut\u00adzern eine einheit\u00adli\u00adche und moderne digitale Schnitt\u00adstelle zu bieten.<\/p>\n<p>pro et con erwei\u00adterte das Fachver\u00adfah\u00adren ZEBRA zur Kopplung an das Verwal\u00adtungs\u00adpor\u00adtal. Hierzu wurden zus\u00e4tz\u00adlich Daten\u00adfel\u00adder einge\u00adf\u00fchrt, die an den betref\u00adfen\u00adden Stellen im Fachver\u00adfah\u00adren verar\u00adbei\u00adtet werden. Zudem wurde das alte Druck\u00adver\u00adfah\u00adren durch ein neues, flexi\u00adbles, Template-basier\u00ad\u00adtes Druck\u00adver\u00adfah\u00adren zur Beschei\u00adder\u00adstel\u00adlung abgel\u00f6st.<\/p>\n<p>Somit k\u00f6nnen Anwen\u00adder (Brenner und Stoff\u00adbe\u00adsit\u00adzer) nun \u00fcber das B\u00fcrger- und Gesch\u00e4fts\u00adkun\u00adden\u00adpor\u00adtal ihre Abfin\u00addungs\u00adan\u00admel\u00addun\u00adgen online stellen und auf posta\u00adli\u00adsche Antr\u00e4ge verzichten.<\/p>\n<p>Weitere Infor\u00adma\u00adtio\u00adnen k\u00f6nnen der <a href=\"https:\/\/www.itzbund.de\/SharedDocs\/Kurzmeldungen\/DE\/2022-01-14_ZEBRA_Fachverfahren_OZG.html?nn=178514\" target=\"_blank\" rel=\"noopener\">Presse\u00admit\u00adtei\u00adlung des ITZBund<\/a> entnom\u00admen werden.<\/p>\n<\/div>\n\t\t<\/div><\/div><div id=\"pgc-w65b2520ccf266-1-1\" class=\"panel-grid-cell\"><div id=\"panel-w65b2520ccf266-1-1-0\" class=\"so-panel widget widget_text panel-first-child panel-last-child\" data-index=\"2\">\t\t\t<div class=\"textwidget\"><p><img fetchpriority=\"high\" decoding=\"async\" class=\"size-full wp-image-7859 aligncenter\" src=\"https:\/\/entw.proetcon.de\/wp-content\/uploads\/2022\/02\/schnapsbrennerei.jpg\" alt width=\"1000\" height=\"1013\" srcset=\"https:\/\/entw.proetcon.de\/wp-content\/uploads\/2022\/02\/schnapsbrennerei.jpg 1000w, https:\/\/entw.proetcon.de\/wp-content\/uploads\/2022\/02\/schnapsbrennerei-296x300.jpg 296w, https:\/\/entw.proetcon.de\/wp-content\/uploads\/2022\/02\/schnapsbrennerei-768x778.jpg 768w\" sizes=\"(max-width: 1000px) 100vw, 1000px\"><\/p>\n<\/div>\n\t\t<\/div><\/div><\/div><\/div><\/div><\/div><\/div><\/div><div id=\"pg-gb7710-69d2a0f0f151b-1\" class=\"panel-grid panel-no-style\"><div id=\"pgc-gb7710-69d2a0f0f151b-1-0\" class=\"panel-grid-cell\"><div id=\"panel-gb7710-69d2a0f0f151b-1-0-0\" class=\"so-panel widget widget_text panel-first-child panel-last-child\" data-index=\"1\"><div class=\"panel-widget-style panel-widget-style-for-gb7710-69d2a0f0f151b-1-0-0\">\t\t\t<div class=\"textwidget\"><p><strong><a href=\"https:\/\/entw.proetcon.de\/index.php\/news2022\/\">ZUR\u00dcCK ZUM NEWS- UND PRESSE\u00adBE\u00adREICH&nbsp;2022<\/a><\/strong><\/p>\n<\/div>\n\t\t<\/div><\/div><\/div><\/div><\/div>\n\n\n<p><\/p>\n","protected":false},"excerpt":{"rendered":"<p>ZUR\u00dcCK ZUM NEWS- UND PRESSE\u00adBE\u00adREICH&nbsp;2022<\/p>\n","protected":false},"author":1,"featured_media":0,"parent":8961,"menu_order":0,"comment_status":"closed","ping_status":"closed","template":"","meta":{"inline_featured_image":false,"wp_typography_post_enhancements_disabled":false,"footnotes":""},"class_list":["post-7710","page","type-page","status-publish","hentry","no-thumb"],"aioseo_notices":[],"_links":{"self":[{"href":"https:\/\/entw.proetcon.de\/index.php\/wp-json\/wp\/v2\/pages\/7710","targetHints":{"allow":["GET"]}}],"collection":[{"href":"https:\/\/entw.proetcon.de\/index.php\/wp-json\/wp\/v2\/pages"}],"about":[{"href":"https:\/\/entw.proetcon.de\/index.php\/wp-json\/wp\/v2\/types\/page"}],"author":[{"embeddable":true,"href":"https:\/\/entw.proetcon.de\/index.php\/wp-json\/wp\/v2\/users\/1"}],"replies":[{"embeddable":true,"href":"https:\/\/entw.proetcon.de\/index.php\/wp-json\/wp\/v2\/comments?post=7710"}],"version-history":[{"count":0,"href":"https:\/\/entw.proetcon.de\/index.php\/wp-json\/wp\/v2\/pages\/7710\/revisions"}],"up":[{"embeddable":true,"href":"https:\/\/entw.proetcon.de\/index.php\/wp-json\/wp\/v2\/pages\/8961"}],"wp:attachment":[{"href":"https:\/\/entw.proetcon.de\/index.php\/wp-json\/wp\/v2\/media?parent=7710"}],"curies":[{"name":"wp","href":"https:\/\/api.w.org\/{rel}","templated":true}]}}