{"id":47,"date":"2020-09-09T11:18:51","date_gmt":"2020-09-09T09:18:51","guid":{"rendered":"https:\/\/entw.proetcon.de\/?page_id=47"},"modified":"2025-02-28T22:50:11","modified_gmt":"2025-02-28T21:50:11","slug":"impressum","status":"publish","type":"page","link":"https:\/\/entw.proetcon.de\/index.php\/impressum\/","title":{"rendered":"Impres\u00adsum"},"content":{"rendered":"<div id=\"pl-gb47-69d27fcfb69b2\" class=\"panel-layout wp-block-siteorigin-panels-layout-block\"><div id=\"pg-gb47-69d27fcfb69b2-0\" class=\"panel-grid panel-no-style\"><div id=\"pgc-gb47-69d27fcfb69b2-0-0\" class=\"panel-grid-cell\"><div id=\"panel-gb47-69d27fcfb69b2-0-0-0\" class=\"so-panel widget widget_text panel-first-child panel-last-child\" data-index=\"0\"><div class=\"panel-widget-style panel-widget-style-for-gb47-69d27fcfb69b2-0-0-0\">\t\t\t<div class=\"textwidget\"><h2>Verant\u00adwort\u00adlich f\u00fcr dieses Angebot gem\u00e4\u00df \u00a7&nbsp;5&nbsp;TMG, \u00a7&nbsp;55&nbsp;RStV:<\/h2>\n<p><b>proetcon<br>\nInnova\u00adtive Infor\u00adma\u00adtik\u00adan\u00adwen\u00addun\u00adgen&nbsp;GmbH<\/b><\/p>\n<\/div>\n\t\t<\/div><\/div><\/div><\/div><div id=\"pg-gb47-69d27fcfb69b2-1\" class=\"panel-grid panel-has-style\"><div class=\"panel-row-style panel-row-style-for-gb47-69d27fcfb69b2-1\"><div id=\"pgc-gb47-69d27fcfb69b2-1-0\" class=\"panel-grid-cell\"><div id=\"panel-gb47-69d27fcfb69b2-1-0-0\" class=\"so-panel widget widget_text panel-first-child panel-last-child\" data-index=\"1\"><div class=\"panel-widget-style panel-widget-style-for-gb47-69d27fcfb69b2-1-0-0\">\t\t\t<div class=\"textwidget\"><p><b><\/b>Reichen\u00adhai\u00adner Stra\u00dfe 29a<br>\nc\/o Pegasus Center<br>\n09126 Chemnitz<\/p>\n<p>Telefon: +49 371 270951\u20130<br>\nTelefax: +49 371 270951\u201329<br>\nE\u2011Mail: info@proetcon.de<br>\nInter\u00adnet: www.proetcon.de<\/p>\n<\/div>\n\t\t<\/div><\/div><\/div><div id=\"pgc-gb47-69d27fcfb69b2-1-1\" class=\"panel-grid-cell\"><div class=\"panel-cell-style panel-cell-style-for-gb47-69d27fcfb69b2-1-1\"><div id=\"panel-gb47-69d27fcfb69b2-1-1-0\" class=\"so-panel widget widget_text panel-first-child panel-last-child\" data-index=\"2\"><div class=\"panel-widget-style panel-widget-style-for-gb47-69d27fcfb69b2-1-1-0\">\t\t\t<div class=\"textwidget\"><p>Handels\u00adre\u00adgis\u00adter: Amtsge\u00adricht Chemnitz \u2013 HRB&nbsp;9913<br>\nUSt-IdNr.: DE163285954<\/p>\n<p>Gesch\u00e4fts\u00adf\u00fch\u00adrer: Prof. Dr. Uwe Kaiser, Andreas Loos<\/p>\n<p>Inhalt\u00adlich verant\u00adwort\u00adlich: Prof. Dr. Uwe Kaiser<\/p>\n<\/div>\n\t\t<\/div><\/div><\/div><\/div><\/div><\/div><div id=\"pg-gb47-69d27fcfb69b2-2\" class=\"panel-grid panel-no-style\"><div id=\"pgc-gb47-69d27fcfb69b2-2-0\" class=\"panel-grid-cell\"><div id=\"panel-gb47-69d27fcfb69b2-2-0-0\" class=\"so-panel widget widget_text panel-first-child\" data-index=\"3\"><div class=\"panel-widget-style panel-widget-style-for-gb47-69d27fcfb69b2-2-0-0\">\t\t\t<div class=\"textwidget\"><h2>STREIT\u00adBEI\u00adLE\u00adGUNGS\u00adVER\u00adFAH\u00adREN<\/h2>\n<p>pro&nbsp;et&nbsp;con ist nicht bereit oder verpflich\u00adtet, an Streit\u00adbei\u00adle\u00adgungs\u00adver\u00adfah\u00adren vor einer Verbrau\u00adcher\u00adschlich\u00adtungs\u00adstelle teilzunehmen.<\/p>\n<\/div>\n\t\t<\/div><\/div><div id=\"panel-gb47-69d27fcfb69b2-2-0-1\" class=\"so-panel widget widget_text panel-last-child\" data-index=\"4\"><div class=\"panel-widget-style panel-widget-style-for-gb47-69d27fcfb69b2-2-0-1\">\t\t\t<div class=\"textwidget\"><h2>HAFTUNGS\u00adAUS\u00adSCHLUSS<\/h2>\n<h3>Inhalte<\/h3>\n<p>Die auf den Websei\u00adten von pro et con enthal\u00adte\u00adnen Angaben und Infor\u00adma\u00adtio\u00adnen wurden mit gr\u00f6\u00dfter Sorgfalt recher\u00adchiert und gepr\u00fcft. pro et con \u00fcbernimmt keine Gew\u00e4hr f\u00fcr Aktua\u00adli\u00adt\u00e4t, Korrekt\u00adheit und Vollst\u00e4n\u00addig\u00adkeit der darge\u00adbo\u00adte\u00adnen Informationen.<\/p>\n<p>Die Haftung f\u00fcr Sch\u00e4den materi\u00adel\u00adler oder ideel\u00adler Art, die durch die Nutzung oder Nicht\u00adnut\u00adzung der bereit\u00adge\u00adstell\u00adten Infor\u00adma\u00adtio\u00adnen bzw. durch die Nutzung fehler\u00adhaf\u00adter und unvoll\u00adst\u00e4n\u00addi\u00adger Infor\u00adma\u00adtio\u00adnen verur\u00adsacht wurden, wird grund\u00ads\u00e4tz\u00adlich ausge\u00adschlos\u00adsen, sofern seitens des Autors kein nachweis\u00adlich vors\u00e4tz\u00adli\u00adches oder grob fahrl\u00e4s\u00adsi\u00adges Verschul\u00adden vorliegt.<\/p>\n<p>Die Firma pro&nbsp;et&nbsp;con beh\u00e4lt sich das Recht vor, jeder\u00adzeit \u00c4nderun\u00adgen oder Erg\u00e4n\u00adzun\u00adgen an den bereit\u00adge\u00adstell\u00adten Infor\u00adma\u00adtio\u00adnen vorzu\u00adneh\u00admen oder die Ver\u00f6f\u00adfent\u00adli\u00adchung zeitweise oder endg\u00fcl\u00adtig einzustellen.<\/p>\n<h3>Verweise und&nbsp;Links<\/h3>\n<p>Das Angebot von pro et con enth\u00e4lt Hyper\u00adlinks zu exter\u00adnen Websei\u00adten Dritter, welche au\u00dfer\u00adhalb des Einfluss\u00adbe\u00adreichs von pro et con liegen. Die Verant\u00adwor\u00adtung f\u00fcr Inhalte dieser Seiten tr\u00e4gt stets der jewei\u00adlige Anbie\u00adter oder Betrei\u00adber. pro et con \u00fcbernimmt keine Haftung f\u00fcr Inhalte von Websei\u00adten Dritter sowie keine Garan\u00adtie f\u00fcr deren Aktua\u00adli\u00adt\u00e4t, Richtig\u00adkeit und Vollst\u00e4n\u00addig\u00adkeit. Zum Zeitpunkt der Verlin\u00adkung waren keine rechts\u00adwid\u00adri\u00adgen Inhalte erkenn\u00adbar. pro et con distan\u00adziert sich hiermit ausdr\u00fcck\u00adlich von allen Inhal\u00adten der verlink\u00adten Seiten, die nach der Verlin\u00adkung ver\u00e4n\u00addert wurden. pro et con wird bei Bekannt\u00adwer\u00adden von Rechts\u00adver\u00adlet\u00adzun\u00adgen den Verweis auf das entspre\u00adchende Angebot umgehend entfernen.<\/p>\n<h3>Urheber\u00adrecht<\/h3>\n<p>Die Firma pro&nbsp;et&nbsp;con ist bestrebt, in allen Publi\u00adka\u00adtio\u00adnen die Urheber\u00adrechte der verwen\u00adde\u00adten Grafi\u00adken und Texte zu beach\u00adten bzw. selbst erstellte sowie lizenz\u00adfreie Grafi\u00adken und Texte zu nutzen. pro et con wird bei Bekannt\u00adwer\u00adden von Rechts\u00adver\u00adlet\u00adzun\u00adgen die entspre\u00adchen\u00adden Inhalte umgehend entfernen.<\/p>\n<p>Alle inner\u00adhalb des Inter\u00adnet\u00adan\u00adge\u00adbots der Firma pro&nbsp;et&nbsp;con genann\u00adten und ggf. durch Dritte gesch\u00fctz\u00adten Marken- und Waren\u00adzei\u00adchen unter\u00adlie\u00adgen unein\u00adge\u00adschr\u00e4nkt den Bestim\u00admun\u00adgen des jeweils g\u00fclti\u00adgen Kennzei\u00adchen\u00adrechts und den Besitz\u00adrech\u00adten der jewei\u00adli\u00adgen einge\u00adtra\u00adge\u00adnen Eigen\u00adt\u00fc\u00admer. Ihre Wieder\u00adgabe erfolgt nicht in marken- oder zeichen\u00adrecht\u00adli\u00adchem Sinn. Allein aufgrund der blo\u00dfen Nennung ist nicht der Schluss zu ziehen, dass Marken\u00adzei\u00adchen nicht durch Rechte Dritter gesch\u00fctzt sind!<\/p>\n<p>Die durch pro&nbsp;et&nbsp;con ver\u00f6f\u00adfent\u00adlich\u00adten, selbst erstell\u00adten Inhalte, Werke und das Layout der Website unter\u00adlie\u00adgen dem deutschen Urheber\u00adrecht. Die Verviel\u00adf\u00e4l\u00adti\u00adgung, Bearbei\u00adtung, Verbrei\u00adtung von Infor\u00adma\u00adtio\u00adnen oder Daten, insbe\u00adson\u00addere die Verwen\u00addung von Texten oder Bildma\u00adte\u00adrial bed\u00fcr\u00adfen der ausdr\u00fcck\u00adli\u00adchen, vorhe\u00adri\u00adgen Zustim\u00admung von pro&nbsp;et&nbsp;con.<\/p>\n<h3>Rechts\u00adwirk\u00adsam\u00adkeit<\/h3>\n<p>Dieser Haftungs\u00adaus\u00adschluss ist als Teil des Inter\u00adnet\u00adan\u00adge\u00adbo\u00adtes von pro&nbsp;et&nbsp;con anzuse\u00adhen. Entspre\u00adchen Teile oder einzelne Formu\u00adlie\u00adrun\u00adgen des Textes nicht, nicht mehr oder nicht vollst\u00e4n\u00addig der gelten\u00adden Rechts\u00adlage, bleiben die \u00fcbrigen Teile des Dokuments in ihrem Inhalt und ihrer G\u00fcltig\u00adkeit davon unber\u00fchrt.<\/p>\n<\/div>\n\t\t<\/div><\/div><\/div><\/div><\/div>","protected":false},"excerpt":{"rendered":"<p>Verant\u00adwort\u00adlich f\u00fcr dieses Angebot gem\u00e4\u00df \u00a7&nbsp;5&nbsp;TMG, \u00a7&nbsp;55&nbsp;RStV: proetcon Innova\u00adtive Infor\u00adma\u00adtik\u00adan\u00adwen\u00addun\u00adgen GmbH Reichen\u00adhai\u00adner Stra\u00dfe 29a c\/o Pegasus Center 09126 Chemnitz Telefon: +49 371 270951\u20130 Telefax: +49 371 270951\u201329 E\u2011Mail: info@proetcon.de Inter\u00adnet: www.proetcon.de Handels\u00adre\u00adgis\u00adter: Amtsge\u00adricht Chemnitz \u2013 HRB 9913 USt-IdNr.: DE163285954 Gesch\u00e4fts\u00adf\u00fch\u00adrer: Prof. Dr. Uwe Kaiser, Andreas Loos Inhalt\u00adlich verant\u00adwort\u00adlich: Prof. Dr. Uwe Kaiser<\/p>\n","protected":false},"author":1,"featured_media":0,"parent":0,"menu_order":96,"comment_status":"closed","ping_status":"closed","template":"","meta":{"inline_featured_image":false,"wp_typography_post_enhancements_disabled":false,"footnotes":""},"class_list":["post-47","page","type-page","status-publish","hentry","no-thumb"],"aioseo_notices":[],"_links":{"self":[{"href":"https:\/\/entw.proetcon.de\/index.php\/wp-json\/wp\/v2\/pages\/47","targetHints":{"allow":["GET"]}}],"collection":[{"href":"https:\/\/entw.proetcon.de\/index.php\/wp-json\/wp\/v2\/pages"}],"about":[{"href":"https:\/\/entw.proetcon.de\/index.php\/wp-json\/wp\/v2\/types\/page"}],"author":[{"embeddable":true,"href":"https:\/\/entw.proetcon.de\/index.php\/wp-json\/wp\/v2\/users\/1"}],"replies":[{"embeddable":true,"href":"https:\/\/entw.proetcon.de\/index.php\/wp-json\/wp\/v2\/comments?post=47"}],"version-history":[{"count":0,"href":"https:\/\/entw.proetcon.de\/index.php\/wp-json\/wp\/v2\/pages\/47\/revisions"}],"wp:attachment":[{"href":"https:\/\/entw.proetcon.de\/index.php\/wp-json\/wp\/v2\/media?parent=47"}],"curies":[{"name":"wp","href":"https:\/\/api.w.org\/{rel}","templated":true}]}}