{"id":3,"date":"2020-08-12T13:48:21","date_gmt":"2020-08-12T11:48:21","guid":{"rendered":"https:\/\/entw.proetcon.de\/wp\/?page_id=3"},"modified":"2025-12-03T10:02:13","modified_gmt":"2025-12-03T09:02:13","slug":"datenschutzerklaerung","status":"publish","type":"page","link":"https:\/\/entw.proetcon.de\/index.php\/datenschutzerklaerung\/","title":{"rendered":"Daten\u00adschutz"},"content":{"rendered":"<div id=\"pl-gb3-69d281da92974\" class=\"panel-layout\"><div id=\"pg-gb3-69d281da92974-0\" class=\"panel-grid panel-no-style\"><div id=\"pgc-gb3-69d281da92974-0-0\" class=\"panel-grid-cell\"><div id=\"panel-gb3-69d281da92974-0-0-0\" class=\"so-panel widget widget_text panel-first-child\" data-index=\"0\"><div class=\"panel-widget-style panel-widget-style-for-gb3-69d281da92974-0-0-0\">\t\t\t<div class=\"textwidget\"><h2>GRUND\u00adLE\u00adGEN\u00adDES<\/h2>\n<p>Diese Daten\u00adschutz\u00ader\u00adkl\u00e4\u00adrung soll die Nutzer dieser Webseite \u00fcber die Art, den Umfang und den Zweck der Erhebung und Verwen\u00addung perso\u00adnen\u00adbe\u00adzo\u00adge\u00adner Daten durch den Websei\u00adten\u00adbe\u00adtrei\u00adber pro et con Innova\u00adtive Infor\u00adma\u00adtik\u00adan\u00adwen\u00addun\u00adgen GmbH infor\u00admie\u00adren. Wir nehmen Ihren Daten\u00adschutz sehr ernst und behan\u00addeln Ihre perso\u00adnen\u00adbe\u00adzo\u00adge\u00adnen Daten vertrau\u00adlich und entspre\u00adchend der gesetz\u00adli\u00adchen Vorschriften.<\/p>\n<p>Neue Techno\u00adlo\u00adgien und die st\u00e4ndige Weiter\u00adent\u00adwick\u00adlung dieser Webseite k\u00f6nnen \u00c4nderun\u00adgen an dieser Daten\u00adschutz\u00ader\u00adkl\u00e4\u00adrung bedin\u00adgen. Daher empfeh\u00adlen wir den Nutzern der Webseite, sich regel\u00adm\u00e4\u00ad\u00dfig \u00fcber den Inhalt der Daten\u00adschutz\u00ader\u00adkl\u00e4\u00adrung zu informieren.<\/p>\n<p>Die Defini\u00adtio\u00adnen der verwen\u00adde\u00adten Begriffe (z.B. \u201cperso\u00adnen\u00adbe\u00adzo\u00adgene Daten\u201d oder \u201cVerar\u00adbei\u00adtung\u201d) finden Sie in Artikel&nbsp;4 der Daten\u00ad\u00ad\u00adschutz-Grund\u00ad\u00adver\u00ad\u00ador\u00add\u00ad\u00adnung (DSGVO).<\/p>\n<\/div>\n\t\t<\/div><\/div><div id=\"panel-gb3-69d281da92974-0-0-1\" class=\"so-panel widget widget_text\" data-index=\"1\"><div class=\"panel-widget-style panel-widget-style-for-gb3-69d281da92974-0-0-1\">\t\t\t<div class=\"textwidget\"><h2>VERANT\u00adWORT\u00adLI\u00adCHER<\/h2>\n<p>Die verant\u00adwort\u00adli\u00adche Stelle f\u00fcr die Daten\u00adver\u00adar\u00adbei\u00adtung auf dieser Webseite ist:<\/p>\n<p>pro&nbsp;et&nbsp;con Innova\u00adtive Infor\u00adma\u00adtik\u00adan\u00adwen\u00addun\u00adgen&nbsp;GmbH<br>\nReichen\u00adhai\u00adner Stra\u00dfe 29a<br>\n09126 Chemnitz<\/p>\n<p>Telefon: +49 371 270951\u20130<br>\nTelefax: +49 371 270951\u201329<br>\nE\u2011Mail: info@proetcon.de<\/p>\n<p>Gesch\u00e4fts\u00adf\u00fch\u00adrer: Prof. Dr. Uwe Kaiser<\/p>\n<\/div>\n\t\t<\/div><\/div><div id=\"panel-gb3-69d281da92974-0-0-2\" class=\"so-panel widget widget_text\" data-index=\"2\"><div class=\"panel-widget-style panel-widget-style-for-gb3-69d281da92974-0-0-2\">\t\t\t<div class=\"textwidget\"><h2>ZUGRIFFS\u00adDA\u00adTEN<\/h2>\n<p>Wir bzw. der Websei\u00ad\u00adten-Provi\u00ad\u00adder (<a class=\"extern\" href=\"https:\/\/www.goneo.de\/\" target=\"blank\">goneo Inter\u00adnet GmbH<\/a>) erheben Daten \u00fcber Zugriffe auf die Webseite und speichern diese als \u201cServer-Logfiles\u201d auf dem Server der Webseite ab. Es handelt sich hierbei nicht um eine spezi\u00adfi\u00adsche Funktion der Webseite. Zu den proto\u00adkol\u00adlier\u00adten Daten geh\u00f6ren Name der besuch\u00adten Webseite, Datum und Uhrzeit des Besuchs\/der Anfrage, Aufruf-Status\u00ad\u00adcode, Menge der gesen\u00adde\u00adten Daten, \u201cRefer\u00adrer URL\u201d (Seite, von welcher der Besucher auf die angefor\u00adderte Seite gelangte) sowie techni\u00adsche Daten wie Browser\u00adver\u00adsion, Betriebs\u00adsys\u00adtem\u00adver\u00adsion und IP-Adresse.<\/p>\n<p>Die Grund\u00adlage der Daten\u00adver\u00adar\u00adbei\u00adtung bildet Artikel&nbsp;6 Absatz&nbsp;1 Buchstabe f der DSGVO. Die Speiche\u00adrung der Daten erfolgt aus Sicher\u00adheits\u00adgr\u00fcn\u00adden (z.B. zur Aufkl\u00e4\u00adrung von Missbrauchs- oder Betrugs\u00adf\u00e4l\u00adlen). Weiter\u00adhin dienen die erhobe\u00adnen Daten statis\u00adti\u00adschen Auswer\u00adtun\u00adgen, sie werden nicht mit anderen Daten\u00adquel\u00adlen zusammengef\u00fchrt.<\/p>\n<\/div>\n\t\t<\/div><\/div><div id=\"panel-gb3-69d281da92974-0-0-3\" class=\"so-panel widget widget_text\" data-index=\"3\"><div class=\"panel-widget-style panel-widget-style-for-gb3-69d281da92974-0-0-3\">\t\t\t<div class=\"textwidget\"><h2>ERFAS\u00adSUNG UND VERAR\u00adBEI\u00adTUNG PERSO\u00adNEN\u00adBE\u00adZO\u00adGE\u00adNER&nbsp;DATEN<\/h2>\n<p>Wir erheben und verar\u00adbei\u00adten Ihre perso\u00adnen\u00adbe\u00adzo\u00adge\u00adnen Daten nur dann, wenn dies im gesetz\u00adli\u00adchen Rahmen erlaubt ist oder Sie in die Daten\u00ader\u00adhe\u00adbung einwil\u00adli\u00adgen. Als perso\u00adnen\u00adbe\u00adzo\u00adgene Daten gelten s\u00e4mtli\u00adche Infor\u00adma\u00adtio\u00adnen, welche dazu dienen, Ihre Person zu bestim\u00admen und welche zu Ihnen zur\u00fcck\u00adver\u00adfolgt werden k\u00f6nnen, also beispiels\u00adweise Ihr Name, Ihre E\u2011Mail-Adresse und Telefonnummer.<\/p>\n<h3>Automa\u00adtisch erfasste Daten<\/h3>\n<p>Diese Webseite k\u00f6nnen Sie auch besuchen, ohne Angaben zu Ihrer Person zu machen. Wenn Sie unsere Webseite besuchen, speichert der Websei\u00ad\u00adten-Provi\u00ad\u00adder jedoch standard\u00adm\u00e4\u00ad\u00dfig (ohne Perso\u00adnen\u00adbe\u00adzug) Ihre Zugriffs\u00adda\u00adten auf diese Webseite (siehe Abschnitt \u201cZugriffs\u00adda\u00adten\u201d).<\/p>\n<h3>Umgang mit freiwil\u00adlig \u00fcberlas\u00adse\u00adnen Kontaktdaten<\/h3>\n<p>Weitere perso\u00adnen\u00adbe\u00adzo\u00adgene Daten werden nur erhoben, wenn Sie uns diese von sich aus freiwil\u00adlig zur Verf\u00fc\u00adgung stellen. Nehmen Sie mit uns als Websei\u00adten\u00adbe\u00adtrei\u00adber durch die angebo\u00adte\u00adnen Kontakt\u00adm\u00f6g\u00adlich\u00adkei\u00adten (z.B. E\u2011Mail) Verbin\u00addung auf, werden Ihre Angaben gespei\u00adchert, damit auf diese zur Bearbei\u00adtung und Beant\u00adwor\u00adtung Ihrer Anfrage und ggf. zur Kl\u00e4rung von Anschluss\u00adfra\u00adgen zur\u00fcck\u00adge\u00adgrif\u00adfen werden kann. Eine Weiter\u00adgabe dieser Daten findet nicht ohne Ihre Einwil\u00adli\u00adgung&nbsp;statt.<\/p>\n<p>Die Verar\u00adbei\u00adtung der per E\u2011Mail angege\u00adbe\u00adnen Daten erfolgt ausschlie\u00df\u00adlich auf Grund\u00adlage Ihrer Einwil\u00adli\u00adgung (gem. Artikel 6 Absatz 1 Buchstabe a DSGVO). Diese Einwil\u00adli\u00adgung k\u00f6nnen Sie jeder\u00adzeit \u00fcber eine formlose Mittei\u00adlung per E\u2011Mail wider\u00adru\u00adfen (siehe Abschnitt \u201cRecht auf Widerruf\u201d).<\/p>\n<p>Ihre Kontakt\u00adda\u00adten verblei\u00adben bei uns, bis Sie uns auffor\u00addern, diese zu l\u00f6schen (siehe Abschnitt \u201cL\u00f6schung von Daten\u201d), Ihre Einwil\u00adli\u00adgung zum Speichern wider\u00adru\u00adfen oder keine Notwen\u00addig\u00adkeit der Daten\u00adspei\u00adche\u00adrung mehr besteht. Gesetz\u00adli\u00adche oder vertrag\u00adli\u00adche Aufbe\u00adwah\u00adrungs\u00adfris\u00adten bleiben davon unber\u00fchrt. Ihre perso\u00adnen\u00adbe\u00adzo\u00adge\u00adnen Daten werden nur zu dem Zweck verwen\u00addet, f\u00fcr den Sie uns diese Daten \u00fcberlas\u00adsen&nbsp;haben.<\/p>\n<p>Die Verar\u00adbei\u00adtung der perso\u00adnen\u00adbe\u00adzo\u00adge\u00adnen Daten erfolgt gem. Artikel&nbsp;6 Absatz&nbsp;1 Buchstabe&nbsp;b DSGVO aufgrund unseres berech\u00adtig\u00adten Inter\u00ades\u00adses zur Erf\u00fcl\u00adlung eines Vertrags oder zur Durch\u00adf\u00fch\u00adrung vorver\u00adtrag\u00adli\u00adcher Ma\u00dfnahmen.<\/p>\n<\/div>\n\t\t<\/div><\/div><div id=\"panel-gb3-69d281da92974-0-0-4\" class=\"so-panel widget widget_text\" data-index=\"4\"><div class=\"panel-widget-style panel-widget-style-for-gb3-69d281da92974-0-0-4\">\t\t\t<div class=\"textwidget\"><h2>COOKIES<\/h2>\n<div>Wir verwen\u00adden Cookies, um unsere Webseite und unseren Service zu optimie\u00adren. Weitere Infor\u00adma\u00adtio\u00adnen finden Sie in unserer<a href=\"https:\/\/entw.proetcon.de\/index.php\/cookie-richtlinie-eu\/\"> Cookie-Richt\u00ad\u00adli\u00ad\u00adnie<\/a>.<\/div>\n<\/div>\n\t\t<\/div><\/div><div id=\"panel-gb3-69d281da92974-0-0-5\" class=\"so-panel widget widget_text\" data-index=\"5\"><div class=\"panel-widget-style panel-widget-style-for-gb3-69d281da92974-0-0-5\">\t\t\t<div class=\"textwidget\"><h2>TWITTER<\/h2>\n<p>Unsere Website benutzt auch Funktio\u00adnen des Diens\u00adtes Twitter. Die Funktio\u00adnen werden durch die Twitter Inc., 795 Folsom St., Suite 600, San Francisco, CA 94107, USA angebo\u00adten. Wir als Diens\u00adte\u00adan\u00adbie\u00adter weisen darauf hin, dass wir als Websei\u00ad\u00adten-Anbie\u00ad\u00adter keine Kennt\u00adnis vom Inhalt der \u00fcbermit\u00adtel\u00adten Daten sowie deren Nutzung durch Twitter erhal\u00adten. Daher verwei\u00adsen wir zur Erlan\u00adgung weite\u00adrer Infor\u00adma\u00adtio\u00adnen bez\u00fcg\u00adlich der Daten\u00adschutz\u00ader\u00adkl\u00e4\u00adrung von Twitter auf folgen\u00adden Link: <a href=\"http:\/\/twitter.com\/privacy\" target=\"_blank\" rel=\"noopener noreferrer\">https:\/\/twitter.com\/privacy<\/a><\/p>\n<\/div>\n\t\t<\/div><\/div><div id=\"panel-gb3-69d281da92974-0-0-6\" class=\"so-panel widget widget_text\" data-index=\"6\"><div class=\"panel-widget-style panel-widget-style-for-gb3-69d281da92974-0-0-6\">\t\t\t<div class=\"textwidget\"><h2>RECHTE DES NUTZERS<\/h2>\n<h3>Recht auf Auskunft, Berich\u00adti\u00adgung, L\u00f6schung<\/h3>\n<p>Sie haben als Nutzer entspre\u00adchend Artikel&nbsp;15 DSGVO das Recht, auf Antrag eine kosten\u00adlose Auskunft dar\u00fcber zu erhal\u00adten, welche perso\u00adnen\u00adbe\u00adzo\u00adge\u00adnen Daten \u00fcber Sie gespei\u00adchert wurden. Sie haben au\u00dfer\u00addem das Recht auf Vervoll\u00adst\u00e4n\u00addi\u00adgung unvoll\u00adst\u00e4n\u00addi\u00adger und Berich\u00adti\u00adgung falscher Daten (gem. Artikel&nbsp;16 DSGVO) und auf die Verar\u00adbei\u00adtungs\u00adein\u00adschr\u00e4n\u00adkung (gem. Artikel&nbsp;18 DSGVO) oder L\u00f6schung (gem. Artikel&nbsp;17 DSGVO) Ihrer perso\u00adnen\u00adbe\u00adzo\u00adge\u00adnen Daten. Falls zutref\u00adfend, k\u00f6nnen Sie auch Ihr Recht auf Daten\u00ad\u00fcber\u00adtrag\u00adbar\u00adkeit (gem. Artikel&nbsp;20 DSGVO) geltend machen.<\/p>\n<h3><a name=\"loeschen\"><\/a>L\u00f6schung von&nbsp;Daten<\/h3>\n<p>Sofern Ihr Wunsch nicht mit einer gesetz\u00adli\u00adchen Pflicht zur Aufbe\u00adwah\u00adrung von Daten kolli\u00addiert, haben Sie ein Anrecht auf L\u00f6schung Ihrer Daten. Von uns gespei\u00adcherte Daten werden, sollten sie f\u00fcr ihre Zweck\u00adbe\u00adstim\u00admung nicht mehr vonn\u00f6\u00adten sein und es keine gesetz\u00adli\u00adchen Aufbe\u00adwah\u00adrungs\u00adfris\u00adten geben, gel\u00f6scht. Falls eine L\u00f6schung nicht durch\u00adge\u00adf\u00fchrt werden kann, da die Daten f\u00fcr zul\u00e4s\u00adsige gesetz\u00adli\u00adche Zwecke erfor\u00adder\u00adlich sind, erfolgt eine Einschr\u00e4n\u00adkung der Daten\u00adver\u00adar\u00adbei\u00adtung. In diesem Fall werden die Daten gesperrt und nicht f\u00fcr andere Zwecke verarbeitet.<\/p>\n<h3><a name=\"widerruf\"><\/a>Recht auf Widerruf<\/h3>\n<p>Sie haben gem. Artikel&nbsp;7 DSGVO das Recht, Ihre erteilte Einwil\u00adli\u00adgung jeder\u00adzeit zu wider\u00adru\u00adfen. Die Recht\u00adm\u00e4\u00ad\u00dfig\u00adkeit der aufgrund der Einwil\u00adli\u00adgung bis zum Wider\u00adruf erfolg\u00adten Daten\u00adver\u00adar\u00adbei\u00adtung wird nicht ber\u00fchrt.<\/p>\n<h3>Recht auf Widerspruch<\/h3>\n<p>Nutzer dieser Webseite k\u00f6nnen gem. Artikel 21 DSGVO von ihrem Wider\u00adspruchs\u00adrecht Gebrauch machen und der Verar\u00adbei\u00adtung ihrer perso\u00adnen\u00adbe\u00adzo\u00adge\u00adnen Daten zu jeder Zeit widersprechen.<\/p>\n<h3>Recht auf Beschwerde<\/h3>\n<p>Sollten Sie anneh\u00admen, dass Ihre Daten unrecht\u00adm\u00e4\u00ad\u00dfig verar\u00adbei\u00adtet wurden, k\u00f6nnen Sie gem. Artikel&nbsp;77 DSGVO eine Beschwerde bei der zust\u00e4n\u00addi\u00adgen Aufsichts\u00adbe\u00adh\u00f6rde einreichen.<\/p>\n<p>Sollten Sie eine Berich\u00adti\u00adgung, Sperrung, L\u00f6schung oder Auskunft \u00fcber die zu Ihrer Person gespei\u00adcher\u00adten perso\u00adnen\u00adbe\u00adzo\u00adge\u00adnen Daten w\u00fcnschen, eine erteilte Einwil\u00adli\u00adgung wider\u00adru\u00adfen wollen oder Fragen bzgl. der Erhebung, Verar\u00adbei\u00adtung oder Verwen\u00addung Ihrer perso\u00adnen\u00adbe\u00adzo\u00adge\u00adnen Daten haben, wenden Sie sich bitte unter folgen\u00adder E\u2011Mail-Adresse an uns: <a href=\"mailto:info@proetcon.de\">info@proetcon.de<\/a>.<\/p>\n<\/div>\n\t\t<\/div><\/div><div id=\"panel-gb3-69d281da92974-0-0-7\" class=\"so-panel widget widget_text panel-last-child\" data-index=\"7\"><div class=\"panel-widget-style panel-widget-style-for-gb3-69d281da92974-0-0-7\">\t\t\t<div class=\"textwidget\"><h2>SSL-VERSCHL\u00dcS\u00ad\u00adSE\u00ad\u00adLUNG<\/h2>\n<p>Um Ihre \u00fcbermit\u00adtel\u00adten Daten bestm\u00f6g\u00adlich zu sch\u00fct\u00adzen, wird auf der Webseite eine SSL-Verschl\u00fcs\u00ad\u00adse\u00ad\u00adlung einge\u00adsetzt. Derart verschl\u00fcs\u00adselte Verbin\u00addun\u00adgen sind an dem Pr\u00e4fix \u201chttps:\/\/\u201d in der Adress\u00adzeile Ihres Browsers erkennbar.<\/p>\n<\/div>\n\t\t<\/div><\/div><\/div><\/div><\/div>","protected":false},"excerpt":{"rendered":"<p>GRUND\u00adLE\u00adGEN\u00adDES Diese Daten\u00adschutz\u00ader\u00adkl\u00e4\u00adrung soll die Nutzer dieser Webseite \u00fcber die Art, den Umfang und den Zweck der Erhebung und Verwen\u00addung perso\u00adnen\u00adbe\u00adzo\u00adge\u00adner Daten durch den Websei\u00adten\u00adbe\u00adtrei\u00adber pro et con Innova\u00adtive Infor\u00adma\u00adtik\u00adan\u00adwen\u00addun\u00adgen GmbH infor\u00admie\u00adren. Wir nehmen Ihren Daten\u00adschutz sehr ernst und behan\u00addeln Ihre perso\u00adnen\u00adbe\u00adzo\u00adge\u00adnen Daten vertrau\u00adlich und entspre\u00adchend der gesetz\u00adli\u00adchen Vorschrif\u00adten. Neue Techno\u00adlo\u00adgien und die st\u00e4ndige Weiter\u00adent\u00adwick\u00adlung\u00adCon\u00adti\u00adnue reading&nbsp;\u2192<\/p>\n","protected":false},"author":1,"featured_media":0,"parent":0,"menu_order":96,"comment_status":"closed","ping_status":"closed","template":"","meta":{"inline_featured_image":false,"wp_typography_post_enhancements_disabled":false,"footnotes":""},"class_list":["post-3","page","type-page","status-publish","hentry","no-thumb"],"aioseo_notices":[],"_links":{"self":[{"href":"https:\/\/entw.proetcon.de\/index.php\/wp-json\/wp\/v2\/pages\/3","targetHints":{"allow":["GET"]}}],"collection":[{"href":"https:\/\/entw.proetcon.de\/index.php\/wp-json\/wp\/v2\/pages"}],"about":[{"href":"https:\/\/entw.proetcon.de\/index.php\/wp-json\/wp\/v2\/types\/page"}],"author":[{"embeddable":true,"href":"https:\/\/entw.proetcon.de\/index.php\/wp-json\/wp\/v2\/users\/1"}],"replies":[{"embeddable":true,"href":"https:\/\/entw.proetcon.de\/index.php\/wp-json\/wp\/v2\/comments?post=3"}],"version-history":[{"count":0,"href":"https:\/\/entw.proetcon.de\/index.php\/wp-json\/wp\/v2\/pages\/3\/revisions"}],"wp:attachment":[{"href":"https:\/\/entw.proetcon.de\/index.php\/wp-json\/wp\/v2\/media?parent=3"}],"curies":[{"name":"wp","href":"https:\/\/api.w.org\/{rel}","templated":true}]}}