{"id":14068,"date":"2025-02-28T11:06:04","date_gmt":"2025-02-28T10:06:04","guid":{"rendered":"https:\/\/entw.proetcon.de\/?page_id=14068"},"modified":"2025-12-15T20:10:04","modified_gmt":"2025-12-15T19:10:04","slug":"itzbund190325","status":"publish","type":"page","link":"https:\/\/entw.proetcon.de\/index.php\/news2025\/itzbund190325\/","title":{"rendered":"ITZBund190325"},"content":{"rendered":"<div id=\"pl-gb14068-69d28167dc6a3\" class=\"panel-layout wp-block-siteorigin-panels-layout-block\"><div id=\"pg-gb14068-69d28167dc6a3-0\" class=\"panel-grid panel-has-style\"><div class=\"panel-row-style panel-row-style-for-gb14068-69d28167dc6a3-0\"><div id=\"pgc-gb14068-69d28167dc6a3-0-0\" class=\"panel-grid-cell\"><div id=\"panel-gb14068-69d28167dc6a3-0-0-0\" class=\"so-panel widget widget_siteorigin-panels-builder panel-first-child panel-last-child\" data-index=\"0\"><div id=\"pl-w67daaccd7d07e\" class=\"panel-layout wp-block-siteorigin-panels-layout-block\"><div id=\"pg-w67daaccd7d07e-0\" class=\"panel-grid panel-no-style\"><div id=\"pgc-w67daaccd7d07e-0-0\" class=\"panel-grid-cell\"><div id=\"panel-w67daaccd7d07e-0-0-0\" class=\"so-panel widget widget_text panel-first-child panel-last-child\" data-index=\"0\">\t\t\t<div class=\"textwidget\"><h4>19.03.2025 News<\/h4>\n<h2>pro et con gewinnt Ausschrei\u00adbung zur Wartung und Weiter\u00adent\u00adwick\u00adlung der Programm\u00adsys\u00adteme BIBER\/ZEBRA des ITZBund<\/h2>\n<\/div>\n\t\t<\/div><\/div><\/div><div id=\"pg-w67daaccd7d07e-1\" class=\"panel-grid panel-no-style\"><div id=\"pgc-w67daaccd7d07e-1-0\" class=\"panel-grid-cell\"><div id=\"panel-w67daaccd7d07e-1-0-0\" class=\"so-panel widget widget_text panel-first-child panel-last-child\" data-index=\"1\">\t\t\t<div class=\"textwidget\"><p><a href=\"https:\/\/www.itzbund.de\" target=\"_blank\" rel=\"noopener\"><img decoding=\"async\" class=\"wp-image-755 alignleft\" src=\"https:\/\/entw.proetcon.de\/wp-content\/uploads\/2020\/10\/itzbund-e1604045696125.png\" alt width=\"184\" height=\"108\"><\/a>pro et con hat eine Ausschrei\u00adbung des ITZBund (zentra\u00adler IT-Diens\u00adt\u00ad\u00adleis\u00ad\u00adter des Bundes) gewon\u00adnen. Die Ausschrei\u00adbung beinhal\u00adtet einen Rahmen\u00adver\u00adtrag zur Wartung und Weiter\u00adent\u00adwick\u00adlung zweier Fachver\u00adfah\u00adren: BIBER (Biersteu\u00ader\u00adbe\u00adrech\u00adnung) und ZEBRA (Zentra\u00adli\u00adsie\u00adrung des Brennens unter Abfindung).<\/p>\n<p>Die beiden Fachver\u00adfah\u00adren zur Erhebung von Bier- bzw. Alkohol\u00adsteu\u00adern basie\u00adren auf Programm\u00adsys\u00adte\u00admen, die urspr\u00fcng\u00adlich \u00fcber 30 Jahre auf BS2000-Mainframe betrie\u00adben wurden. 2016 wurden BIBER und ZEBRA in einem Migra\u00adti\u00adons\u00adpro\u00adjekt von pro et con komplex moder\u00adni\u00adsiert. U.A. erfolgte ein Wechsel der Program\u00admier\u00adspra\u00adche von COBOL nach Java und ein Hardware\u00adwech\u00adsel von BS2000 auf virtu\u00adelle Linux-Server.<\/p>\n<p><img fetchpriority=\"high\" decoding=\"async\" class=\"alignright wp-image-14071\" src=\"https:\/\/entw.proetcon.de\/wp-content\/uploads\/2025\/02\/Brennerei_4_3.jpeg\" alt width=\"615\" height=\"462\" srcset=\"https:\/\/entw.proetcon.de\/wp-content\/uploads\/2025\/02\/Brennerei_4_3.jpeg 764w, https:\/\/entw.proetcon.de\/wp-content\/uploads\/2025\/02\/Brennerei_4_3-300x225.jpeg 300w\" sizes=\"(max-width: 615px) 100vw, 615px\"><\/p>\n<p>Seit dieser Zeit werden in BIBER und ZEBRA st\u00e4ndig Prozesse und Funktio\u00adnen digita\u00adli\u00adsiert. Ein Beispiel daf\u00fcr ist das Online\u00adzu\u00adgangs\u00adge\u00adsetz (OZG), welches 2017 in Kraft trat. Es verpflich\u00adtet Bund und L\u00e4nder, Dienst\u00adleis\u00adtun\u00adgen elektro\u00adnisch \u00fcber das <a href=\"https:\/\/www.zoll-portal.de\/\" target=\"_blank\" rel=\"noopener\">Zoll-Portal<\/a> zug\u00e4ng\u00adlich zu machen. Die OZG-Umset\u00ad\u00adzung z\u00e4hlt damit zu den gr\u00f6\u00dften Moder\u00adni\u00adsie\u00adrungs\u00adpro\u00adjek\u00adten der Verwaltung.<\/p>\n<p>Bereits 2022 hat pro et con zusam\u00admen mit dem ITZBund daf\u00fcr einen wichti\u00adgen Meilen\u00adstein erreicht, in dem es das Fachver\u00adfah\u00adren ZEBRA zur Kopplung an das Zoll-Portal erwei\u00adterte (n\u00e4here Infor\u00adma\u00adtio\u00adnen siehe <a href=\"https:\/\/www.itzbund.de\/SharedDocs\/Kurzmeldungen\/DE\/2022-01-14_ZEBRA_Fachverfahren_OZG.html?nn=178514\" target=\"_blank\" rel=\"noopener\">Presse\u00admit\u00adtei\u00adlung des ITZBund<\/a> und in unseren <a href=\"https:\/\/entw.proetcon.de\/index.php\/news2022\/itzbund240122\/\">News<\/a>). Seit diesem Zeitpunkt k\u00f6nnen Abfin\u00addungs\u00adan\u00admel\u00addun\u00adgen ohne posta\u00adli\u00adsche Antr\u00e4ge online \u00fcber das Zoll-Portal gestellt werden.<\/p>\n<p>Die interne Verar\u00adbei\u00adtung blieb jedoch zun\u00e4chst weitest\u00adge\u00adhend unver\u00ad\u00e4n\u00addert und ist damit noch mit erheb\u00adli\u00adchem manuel\u00adlen Aufwand verbun\u00adden. Das soll sich nun mit der n\u00e4chs\u00adten Ausbau\u00adstufe \u00e4ndern, welche aktuell in Arbeit ist. Das Ergeb\u00adnis wird ein vollst\u00e4n\u00addig digita\u00adli\u00adsier\u00adter Prozess von der Online-Erfas\u00ad\u00adsung, der inter\u00adnen, digita\u00adli\u00adsier\u00adten Verar\u00adbei\u00adtung und der Ergeb\u00adnis\u00adr\u00fcck\u00ad\u00fcber\u00admitt\u00adlung&nbsp;sein.<\/p>\n<p>Der neue Rahmen\u00adver\u00adtrag tr\u00e4gt der steti\u00adgen Digita\u00adli\u00adsie\u00adrung von Verwal\u00adtungs\u00addienst\u00adleis\u00adtun\u00adgen Rechnung. Er besitzt eine Laufzeit von vier Jahren. Wir freuen uns auf die weitere erfolg\u00adrei\u00adche Zusam\u00admen\u00adar\u00adbeit mit dem ITZBund.<\/p>\n<\/div>\n\t\t<\/div><\/div><\/div><\/div><\/div><\/div><\/div><\/div><div id=\"pg-gb14068-69d28167dc6a3-1\" class=\"panel-grid panel-no-style\"><div id=\"pgc-gb14068-69d28167dc6a3-1-0\" class=\"panel-grid-cell\"><div id=\"panel-gb14068-69d28167dc6a3-1-0-0\" class=\"so-panel widget widget_text panel-first-child panel-last-child\" data-index=\"1\"><div class=\"panel-widget-style panel-widget-style-for-gb14068-69d28167dc6a3-1-0-0\">\t\t\t<div class=\"textwidget\"><p><strong><a href=\"https:\/\/entw.proetcon.de\/index.php\/news2025\/\">ZUR\u00dcCK ZUM NEWS- UND PRESSE\u00adBE\u00adREICH&nbsp;2025<\/a><\/strong><\/p>\n<\/div>\n\t\t<\/div><\/div><\/div><\/div><\/div>\n\n\n<p><\/p>\n","protected":false},"excerpt":{"rendered":"<p>ZUR\u00dcCK ZUM NEWS- UND PRESSE\u00adBE\u00adREICH&nbsp;2025<\/p>\n","protected":false},"author":1,"featured_media":0,"parent":15200,"menu_order":0,"comment_status":"closed","ping_status":"closed","template":"","meta":{"inline_featured_image":false,"wp_typography_post_enhancements_disabled":false,"footnotes":""},"class_list":["post-14068","page","type-page","status-publish","hentry","no-thumb"],"aioseo_notices":[],"_links":{"self":[{"href":"https:\/\/entw.proetcon.de\/index.php\/wp-json\/wp\/v2\/pages\/14068","targetHints":{"allow":["GET"]}}],"collection":[{"href":"https:\/\/entw.proetcon.de\/index.php\/wp-json\/wp\/v2\/pages"}],"about":[{"href":"https:\/\/entw.proetcon.de\/index.php\/wp-json\/wp\/v2\/types\/page"}],"author":[{"embeddable":true,"href":"https:\/\/entw.proetcon.de\/index.php\/wp-json\/wp\/v2\/users\/1"}],"replies":[{"embeddable":true,"href":"https:\/\/entw.proetcon.de\/index.php\/wp-json\/wp\/v2\/comments?post=14068"}],"version-history":[{"count":0,"href":"https:\/\/entw.proetcon.de\/index.php\/wp-json\/wp\/v2\/pages\/14068\/revisions"}],"up":[{"embeddable":true,"href":"https:\/\/entw.proetcon.de\/index.php\/wp-json\/wp\/v2\/pages\/15200"}],"wp:attachment":[{"href":"https:\/\/entw.proetcon.de\/index.php\/wp-json\/wp\/v2\/media?parent=14068"}],"curies":[{"name":"wp","href":"https:\/\/api.w.org\/{rel}","templated":true}]}}