{"id":12064,"date":"2024-09-30T15:24:46","date_gmt":"2024-09-30T13:24:46","guid":{"rendered":"https:\/\/entw.proetcon.de\/?page_id=12064"},"modified":"2025-02-19T09:26:37","modified_gmt":"2025-02-19T08:26:37","slug":"itzbund","status":"publish","type":"page","link":"https:\/\/entw.proetcon.de\/index.php\/digitalisierung\/success-stories\/itzbund\/","title":{"rendered":"Erfolg\u00adrei\u00adche Reali\u00adsie\u00adrung des Online\u00adzu\u00adgangs\u00adge\u00adset\u00adzes bei ITZBund"},"content":{"rendered":"<div id=\"pl-gb12064-69d29bfddf147\" class=\"panel-layout wp-block-siteorigin-panels-layout-block\"><div id=\"pg-gb12064-69d29bfddf147-0\" class=\"panel-grid panel-no-style\"><div id=\"pgc-gb12064-69d29bfddf147-0-0\" class=\"panel-grid-cell\"><div id=\"panel-gb12064-69d29bfddf147-0-0-0\" class=\"so-panel widget widget_text panel-first-child panel-last-child\" data-index=\"0\"><div class=\"panel-widget-style panel-widget-style-for-gb12064-69d29bfddf147-0-0-0\">\t\t\t<div class=\"textwidget\"><p><strong><a href=\"https:\/\/entw.proetcon.de\/\">HOME<\/a> &gt; <a href=\"https:\/\/entw.proetcon.de\/index.php\/digitalisierung\/\">DIGITA\u00adLI\u00adSIE\u00adRUNG<\/a> &gt; <a href=\"https:\/\/entw.proetcon.de\/index.php\/digitalisierung\/success-stories\/\">SUCCESS STORIES<\/a> &gt; <a href=\"https:\/\/entw.proetcon.de\/index.php\/digitalisierung\/success-stories\/itzbund\/\">ITZBUND<\/a><\/strong><\/p>\n<\/div>\n\t\t<\/div><\/div><\/div><\/div><div id=\"pg-gb12064-69d29bfddf147-1\" class=\"panel-grid panel-has-style\"><div class=\"panel-row-style panel-row-style-for-gb12064-69d29bfddf147-1\"><div id=\"pgc-gb12064-69d29bfddf147-1-0\" class=\"panel-grid-cell\"><div id=\"panel-gb12064-69d29bfddf147-1-0-0\" class=\"so-panel widget widget_siteorigin-panels-builder panel-first-child panel-last-child\" data-index=\"1\"><div class=\"panel-widget-style panel-widget-style-for-gb12064-69d29bfddf147-1-0-0\"><div id=\"pl-w6735e83a07165\" class=\"panel-layout wp-block-siteorigin-panels-layout-block\"><div id=\"pg-w6735e83a07165-0\" class=\"panel-grid panel-has-style\"><div class=\"panel-row-style panel-row-style-for-w6735e83a07165-0\"><div id=\"pgc-w6735e83a07165-0-0\" class=\"panel-grid-cell\"><div id=\"panel-w6735e83a07165-0-0-0\" class=\"so-panel widget widget_media_image panel-first-child panel-last-child\" data-index=\"0\"><div class=\"panel-widget-style panel-widget-style-for-w6735e83a07165-0-0-0\"><img decoding=\"async\" width=\"138\" height=\"138\" src=\"https:\/\/entw.proetcon.de\/wp-content\/uploads\/2024\/11\/logo_itzbund_weisser_rahmen.svg\" class=\"image wp-image-12493  attachment-full size-full\" alt=\"Logo ITZBund\" style=\"max-width: 100%; height: auto;\"><\/div><\/div><\/div><div id=\"pgc-w6735e83a07165-0-1\" class=\"panel-grid-cell\"><div id=\"panel-w6735e83a07165-0-1-0\" class=\"so-panel widget widget_text panel-first-child panel-last-child\" data-index=\"1\">\t\t\t<div class=\"textwidget\"><p>Das <a href=\"https:\/\/www.itzbund.de\/\" target=\"_blank\" rel=\"noopener\">Infor\u00adma\u00adti\u00adons\u00adtech\u00adnik\u00adzen\u00adtrum Bund<\/a> (ITZBund) ist der zentrale IT-Diens\u00adt\u00ad\u00adleis\u00ad\u00adter f\u00fcr die deutsche Bundes\u00adver\u00adwal\u00adtung. Die Digita\u00adli\u00adsie\u00adrung der \u00f6ffent\u00adli\u00adchen Verwal\u00adtung hat f\u00fcr ganz Deutsch\u00adland gro\u00dfe Bedeu\u00adtung. Das ITZBund hat den politi\u00adschen Auftrag der Bundes\u00adre\u00adgie\u00adrung, die Verwal\u00adtung mit moder\u00adner IT zu unter\u00adst\u00fct\u00adzen und bereit f\u00fcr die digitale Zukunft zu machen.<\/p>\n<\/div>\n\t\t<\/div><\/div><\/div><\/div><\/div><\/div><\/div><\/div><\/div><\/div><div id=\"pg-gb12064-69d29bfddf147-2\" class=\"panel-grid panel-has-style\"><div class=\"panel-row-style panel-row-style-for-gb12064-69d29bfddf147-2\"><div id=\"pgc-gb12064-69d29bfddf147-2-0\" class=\"panel-grid-cell\"><div id=\"panel-gb12064-69d29bfddf147-2-0-0\" class=\"so-panel widget widget_text panel-first-child\" data-index=\"2\">\t\t\t<div class=\"textwidget\"><p>In Zusam\u00admen\u00adar\u00adbeit mit dem ITZBund erh\u00e4lt pro et con nach erfolg\u00adrei\u00adcher Reali\u00adsie\u00adrung der Stufe 3 den Auftrag f\u00fcr Stufe 4 des Online\u00adzu\u00adgangs\u00adge\u00adset\u00adzes f\u00fcr die Fachver\u00adfah\u00adren ZEBRA (Zentra\u00adli\u00adsie\u00adrung des Brennens unter Abfin\u00addung) und BIBER (Berech\u00adnung der Bier- und Branntweinsteuer).<\/p>\n<p>Wegbe\u00adrei\u00adtend f\u00fcr diese Zusam\u00admen\u00adar\u00adbeit war die von pro et con erfolg\u00adreich reali\u00adsierte <a href=\"https:\/\/entw.proetcon.de\/index.php\/software-migration\/success-stories\/itzbund\/\">BS2000-Migration bei ITZBund<\/a>.<\/p>\n<p><img fetchpriority=\"high\" decoding=\"async\" class=\"wp-image-8024 alignright\" src=\"https:\/\/entw.proetcon.de\/wp-content\/uploads\/2022\/02\/schnapsbrennerei_news-300x200.jpg\" alt=\"Schnapsbrennerei\" width=\"708\" height=\"472\" srcset=\"https:\/\/entw.proetcon.de\/wp-content\/uploads\/2022\/02\/schnapsbrennerei_news-300x200.jpg 300w, https:\/\/entw.proetcon.de\/wp-content\/uploads\/2022\/02\/schnapsbrennerei_news-768x512.jpg 768w, https:\/\/entw.proetcon.de\/wp-content\/uploads\/2022\/02\/schnapsbrennerei_news-272x182.jpg 272w, https:\/\/entw.proetcon.de\/wp-content\/uploads\/2022\/02\/schnapsbrennerei_news.jpg 1000w\" sizes=\"(max-width: 708px) 100vw, 708px\"><\/p>\n<p><strong>Anfor\u00adde\u00adrung: <\/strong>Das Online\u00adzu\u00adgangs\u00adge\u00adsetz (OZG) vom 14. August 2017 verpflich\u00adtet Bund und L\u00e4nder, Verwal\u00adtungs\u00adleis\u00adtun\u00adgen elektro\u00adnisch \u00fcber Verwal\u00adtungs\u00adpor\u00adtale zug\u00e4ng\u00adlich zu machen. Ziel ist die vollst\u00e4n\u00addige Digita\u00adli\u00adsie\u00adrung von Verwal\u00adtungs\u00adleis\u00adtun\u00adgen einschlie\u00df\u00adlich des automa\u00adti\u00adsier\u00adten Abrufs von bereits vorlie\u00adgen\u00adden Regis\u00adter\u00adnach\u00adwei\u00adsen der Nutze\u00adrin\u00adnen und Nutzer.<\/p>\n<p><strong>Reali\u00adsie\u00adrung: <\/strong>pro et con hat bereits 2022 erfolg\u00adreich Stufe 3 reali\u00adsiert, indem es das Fachver\u00adfah\u00adren ZEBRA zur Kopplung an das Verwal\u00adtungs\u00adpor\u00adtal erwei\u00adterte (n\u00e4here Infor\u00adma\u00adtio\u00adnen siehe <a href=\"https:\/\/www.itzbund.de\/SharedDocs\/Kurzmeldungen\/DE\/2022-01-14_ZEBRA_Fachverfahren_OZG.html?nn=178514\" target=\"_blank\" rel=\"noopener\">Presse\u00admit\u00adtei\u00adlung des ITZBund<\/a> und in unseren <a href=\"https:\/\/proetcon.de\/index.php\/news\/itzbund240122\/\">News<\/a>). Seit diesem Zeitpunkt k\u00f6nnen Abfin\u00addungs\u00adan\u00admel\u00addun\u00adgen \u00fcber das B\u00fcrger- und Gesch\u00e4fts\u00adkun\u00adden\u00adpor\u00adtal ohne posta\u00adli\u00adsche Antr\u00e4ge online gestellt werden. Die interne Verar\u00adbei\u00adtung blieb jedoch zun\u00e4chst weitest\u00adge\u00adhend unver\u00ad\u00e4n\u00addert und ist damit noch mit einem erheb\u00adli\u00adchen manuel\u00adlen Aufwand verbun\u00adden. Dies soll sich nun in der vierten Ausbau\u00adstufe (OZG4) \u00e4ndern.<\/p>\n<p><strong>Ergeb\u00adnis: <\/strong>Nach Fertig\u00adstel\u00adlung k\u00f6nnen Daten aus dem B\u00fcrger- und Gesch\u00e4fts\u00adkun\u00adden\u00adpor\u00adtal automa\u00adti\u00adsiert \u00fcbernom\u00admen und verar\u00adbei\u00adtet werden. Das OZG-Projekt z\u00e4hlt zu den gr\u00f6\u00dften Digita\u00adli\u00adsie\u00adrungs\u00adpro\u00adjek\u00adten des Bundes.<\/p>\n<\/div>\n\t\t<\/div><div id=\"panel-gb12064-69d29bfddf147-2-0-1\" class=\"so-panel widget widget_sow-button panel-last-child\" data-index=\"3\"><div class=\"so-widget-sow-button so-widget-sow-button-flat-8b88a321bb2d-12064\"><div class=\"ow-button-base ow-button-align-left\">\n\t\t\t<a href=\"https:\/\/entw.proetcon.de\/index.php\/digitalisierung\/success-stories\/\" class=\"sowb-button ow-icon-placement-left ow-button-hover\">\n\t\t<span>\n\t\t\t\n\t\t\t<b>ZUR\u00dcCK ZU DEN SUCCESS STORIES<\/b>\t\t<\/span>\n\t\t\t<\/a>\n\t<\/div>\n<\/div><\/div><\/div><\/div><\/div><\/div>","protected":false},"excerpt":{"rendered":"<p>HOME &gt; DIGITA\u00adLI\u00adSIE\u00adRUNG &gt; SUCCESS STORIES &gt; ITZBUND<\/p>\n","protected":false},"author":1,"featured_media":0,"parent":12116,"menu_order":2,"comment_status":"closed","ping_status":"closed","template":"","meta":{"inline_featured_image":false,"wp_typography_post_enhancements_disabled":false,"footnotes":""},"class_list":["post-12064","page","type-page","status-publish","hentry","no-thumb"],"aioseo_notices":[],"_links":{"self":[{"href":"https:\/\/entw.proetcon.de\/index.php\/wp-json\/wp\/v2\/pages\/12064","targetHints":{"allow":["GET"]}}],"collection":[{"href":"https:\/\/entw.proetcon.de\/index.php\/wp-json\/wp\/v2\/pages"}],"about":[{"href":"https:\/\/entw.proetcon.de\/index.php\/wp-json\/wp\/v2\/types\/page"}],"author":[{"embeddable":true,"href":"https:\/\/entw.proetcon.de\/index.php\/wp-json\/wp\/v2\/users\/1"}],"replies":[{"embeddable":true,"href":"https:\/\/entw.proetcon.de\/index.php\/wp-json\/wp\/v2\/comments?post=12064"}],"version-history":[{"count":0,"href":"https:\/\/entw.proetcon.de\/index.php\/wp-json\/wp\/v2\/pages\/12064\/revisions"}],"up":[{"embeddable":true,"href":"https:\/\/entw.proetcon.de\/index.php\/wp-json\/wp\/v2\/pages\/12116"}],"wp:attachment":[{"href":"https:\/\/entw.proetcon.de\/index.php\/wp-json\/wp\/v2\/media?parent=12064"}],"curies":[{"name":"wp","href":"https:\/\/api.w.org\/{rel}","templated":true}]}}