{"id":12056,"date":"2024-09-30T15:11:13","date_gmt":"2024-09-30T13:11:13","guid":{"rendered":"https:\/\/entw.proetcon.de\/?page_id=12056"},"modified":"2025-01-31T08:52:01","modified_gmt":"2025-01-31T07:52:01","slug":"man","status":"publish","type":"page","link":"https:\/\/entw.proetcon.de\/index.php\/digitalisierung\/success-stories\/man\/","title":{"rendered":"Erfolg\u00adrei\u00adches HIT\/MAN\u00adTED-Digita\u00adli\u00adsie\u00adrungs- <br>projekt bei MAN Truck &amp; Bus&nbsp;SE"},"content":{"rendered":"<div id=\"pl-gb12056-69d29c5e8fe49\" class=\"panel-layout wp-block-siteorigin-panels-layout-block\"><div id=\"pg-gb12056-69d29c5e8fe49-0\" class=\"panel-grid panel-no-style\"><div id=\"pgc-gb12056-69d29c5e8fe49-0-0\" class=\"panel-grid-cell\"><div id=\"panel-gb12056-69d29c5e8fe49-0-0-0\" class=\"so-panel widget widget_text panel-first-child panel-last-child\" data-index=\"0\"><div class=\"panel-widget-style panel-widget-style-for-gb12056-69d29c5e8fe49-0-0-0\">\t\t\t<div class=\"textwidget\"><p><strong><a href=\"https:\/\/entw.proetcon.de\/\">HOME<\/a> &gt; <a href=\"https:\/\/entw.proetcon.de\/index.php\/digitalisierung\/\">DIGITA\u00adLI\u00adSIE\u00adRUNG<\/a> &gt; <a href=\"https:\/\/entw.proetcon.de\/index.php\/digitalisierung\/success-stories\/\">SUCCESS STORIES<\/a> &gt; <a href=\"https:\/\/entw.proetcon.de\/index.php\/digitalisierung\/success-stories\/man\/\">MAN TRUCK &amp; BUS&nbsp;SE<\/a><\/strong><\/p>\n<\/div>\n\t\t<\/div><\/div><\/div><\/div><div id=\"pg-gb12056-69d29c5e8fe49-1\" class=\"panel-grid panel-has-style\"><div class=\"panel-row-style panel-row-style-for-gb12056-69d29c5e8fe49-1\"><div id=\"pgc-gb12056-69d29c5e8fe49-1-0\" class=\"panel-grid-cell\"><div id=\"panel-gb12056-69d29c5e8fe49-1-0-0\" class=\"so-panel widget widget_siteorigin-panels-builder panel-first-child panel-last-child\" data-index=\"1\"><div class=\"panel-widget-style panel-widget-style-for-gb12056-69d29c5e8fe49-1-0-0\"><div id=\"pl-w6760273bf34a5\" class=\"panel-layout wp-block-siteorigin-panels-layout-block\"><div id=\"pg-w6760273bf34a5-0\" class=\"panel-grid panel-has-style\"><div class=\"panel-row-style panel-row-style-for-w6760273bf34a5-0\"><div id=\"pgc-w6760273bf34a5-0-0\" class=\"panel-grid-cell\"><div id=\"panel-w6760273bf34a5-0-0-0\" class=\"so-panel widget widget_media_image panel-first-child panel-last-child\" data-index=\"0\"><div class=\"panel-widget-style panel-widget-style-for-w6760273bf34a5-0-0-0\"><img decoding=\"async\" width=\"138\" height=\"138\" src=\"https:\/\/entw.proetcon.de\/wp-content\/uploads\/2024\/11\/man_logo_weisser_rahmen.svg\" class=\"image wp-image-12492  attachment-full size-full\" alt=\"Logo MAN Truck &amp; Bus SE\" style=\"max-width: 100%; height: auto;\"><\/div><\/div><\/div><div id=\"pgc-w6760273bf34a5-0-1\" class=\"panel-grid-cell\"><div id=\"panel-w6760273bf34a5-0-1-0\" class=\"so-panel widget widget_text panel-first-child panel-last-child\" data-index=\"1\">\t\t\t<div class=\"textwidget\"><p><a href=\"https:\/\/www.mantruckandbus.com\/de\/man.html\" target=\"_blank\" rel=\"noopener\">MAN Truck &amp; Bus SE<\/a>&nbsp; ist ein Anbie\u00adter von Trans\u00adport\u00adl\u00f6\u00adsun\u00adgen und z\u00e4hlt zu den f\u00fchren\u00adden Nutzfahr\u00adzeug\u00adher\u00adstel\u00adlern im europ\u00e4i\u00adschen Raum. Das Unter\u00adneh\u00admen umfasst ein breites Produkt\u00adport\u00adfo\u00adlio von Lkws, Bussen und Trans\u00adpor\u00adtern bis hin zu Diesel- und Gasmotoren.<\/p>\n<\/div>\n\t\t<\/div><\/div><\/div><\/div><\/div><\/div><\/div><\/div><\/div><\/div><div id=\"pg-gb12056-69d29c5e8fe49-2\" class=\"panel-grid panel-has-style\"><div class=\"panel-row-style panel-row-style-for-gb12056-69d29c5e8fe49-2\"><div id=\"pgc-gb12056-69d29c5e8fe49-2-0\" class=\"panel-grid-cell\"><div id=\"panel-gb12056-69d29c5e8fe49-2-0-0\" class=\"so-panel widget widget_text panel-first-child\" data-index=\"2\">\t\t\t<div class=\"textwidget\"><p>Die weltweite Online-Platt\u00ad\u00adform MANTED (MAN Techni\u00adsche Daten) und das unter\u00adneh\u00admens\u00adin\u00adterne Workflow-Manage\u00ad\u00adment-System HIT (Harmo\u00adni\u00adsie\u00adrung und Integra\u00adtion von Technik\u00adda\u00adten\u00adban\u00adken) wurden 1999 von pro et con und MAN Truck &amp; Bus SE aus der Taufe gehoben und werden seitdem konti\u00adnu\u00adier\u00adlich weiterentwickelt.<\/p>\n<p>Beide eng gekop\u00adpel\u00adten Systeme, die f\u00fcr Kunden \u00fcber <a href=\"https:\/\/www.manted.de\/manted\/app\/manted\/einstieg\/\">https:\/\/www.manted.de<\/a> erreich\u00adbar sind, haben zu einer weitge\u00adhen\u00adden Digita\u00adli\u00adsie\u00adrung zahllo\u00adser Arbeits\u00adpro\u00adzesse bei MAN gef\u00fchrt und sichern so die zuver\u00adl\u00e4s\u00adsige, effizi\u00adente, zeitnahe und revisi\u00adons\u00adsi\u00adchere Belie\u00adfe\u00adrung der MAN-Kunden mit fahrzeug\u00adbe\u00adglei\u00adten\u00adden Dokumen\u00adten unter\u00adschied\u00adlichs\u00adter&nbsp;Art.<\/p>\n<p><img fetchpriority=\"high\" decoding=\"async\" class=\"wp-image-12881 alignleft\" src=\"https:\/\/entw.proetcon.de\/wp-content\/uploads\/2024\/12\/MANTED.png\" alt width=\"654\" height=\"435\" srcset=\"https:\/\/entw.proetcon.de\/wp-content\/uploads\/2024\/12\/MANTED.png 1375w, https:\/\/entw.proetcon.de\/wp-content\/uploads\/2024\/12\/MANTED-300x199.png 300w, https:\/\/entw.proetcon.de\/wp-content\/uploads\/2024\/12\/MANTED-1024x680.png 1024w, https:\/\/entw.proetcon.de\/wp-content\/uploads\/2024\/12\/MANTED-768x510.png 768w, https:\/\/entw.proetcon.de\/wp-content\/uploads\/2024\/12\/MANTED-1320x876.png 1320w, https:\/\/entw.proetcon.de\/wp-content\/uploads\/2024\/12\/MANTED-272x182.png 272w\" sizes=\"(max-width: 654px) 100vw, 654px\"><strong>Anfor\u00adde\u00adrung<\/strong>: Das gesamte Leben eines Nutzfahr\u00adzeu\u00adges wird flankiert von einer Vielzahl von Daten und Dokumen\u00adten unter\u00adschied\u00adlichs\u00adter Art. Sei es das Angebot f\u00fcr spezi\u00adfi\u00adsche Kunden\u00adson\u00adder\u00adw\u00fcn\u00adsche, Herstel\u00adler\u00adbe\u00adst\u00e4\u00adti\u00adgun\u00adgen f\u00fcr geplante Umbau\u00adten, fahrzeug\u00adbe\u00adglei\u00adtende Dokumente, Best\u00e4\u00adti\u00adgun\u00adgen \u00fcber neue oder modifi\u00adzierte Fahrzeug\u00adsoft\u00adware oder auch Konstruk\u00adti\u00adons\u00adun\u00adter\u00adla\u00adgen, Daten\u00adbl\u00e4t\u00adter, Zeich\u00adnun\u00adgen uvm. All diese Daten stellt MAN auf Anfrage bereit. Zu Beginn der MANTE\u00ad\u00adD\/HIT-Entwick\u00ad\u00adlung waren es Briefe, Faxe, Telefo\u00adnate und E\u2011Mails, mit denen Kunden ihre Anfor\u00adde\u00adrun\u00adgen an MAN \u00fcbermit\u00adtel\u00adten. Eine gro\u00dfe, schwer zu bearbei\u00adtende Papier\u00adflut, archi\u00adviert in riesi\u00adgen Akten\u00adschr\u00e4n\u00adken, war die Folge. Dokumente und Bescheide wurden auf \u00e4hnli\u00adche Weise an den Kunden \u00fcbermit\u00adtelt. Gro\u00dffor\u00adma\u00adtige techni\u00adsche Zeich\u00adnun\u00adgen mussten filigran gefal\u00adtet und per Brief an den Anfor\u00adde\u00adrer versen\u00addet werden.<br>\nStetig steigende Antrags\u00adzah\u00adlen, reduzierte oder maximal gleich\u00adblei\u00adbende Bearbei\u00adter\u00adzah\u00adlen, verbun\u00adden mit dem Bestre\u00adben, alle Infor\u00adma\u00adtio\u00adnen nicht nur lokal in einem Akten\u00adord\u00adner, sondern unter\u00adneh\u00admens\u00adweit digital verf\u00fcg\u00adbar zu haben, waren die funda\u00admen\u00adta\u00adlen Anfor\u00adde\u00adrun\u00adgen an die MANTE\u00ad\u00adD\/HIT-Entwick\u00ad\u00adlung.<\/p>\n<p><strong>Reali\u00adsie\u00adrung: <\/strong>Die Erf\u00fcl\u00adlung dieser Anfor\u00adde\u00adrun\u00adgen war nur durch einen grund\u00ads\u00e4tz\u00adli\u00adchen Wechsel der Techno\u00adlo\u00adgie in der Bearbei\u00adtung von Kunden\u00adan\u00adfra\u00adgen bei MAN m\u00f6glich. Im Zuge der MANTE\u00ad\u00adD\/HIT-Entwick\u00ad\u00adlung wurden zun\u00e4chst Dokumen\u00adten\u00adbe\u00adst\u00e4nde digitalisiert.<br>\nMit MANTED entstand ein Webpor\u00adtal, \u00fcber das Kunden weltweit ihre Antr\u00e4ge an MAN stellen k\u00f6nnen. Diese Antr\u00e4ge werden automa\u00adti\u00adsiert an spezia\u00adli\u00adsierte Bearbei\u00adter gelei\u00adtet und von diesen vollst\u00e4n\u00addig digital in HIT bearbei\u00adtet. Dokumente und Bescheide werden elektro\u00adnisch an den Kunden gesen\u00addet. Eine deutli\u00adche Erh\u00f6hung der Effizi\u00adenz und Quali\u00adt\u00e4t der Arbeits\u00adpro\u00adzesse ist ebenso die Folge dieser zukunfts\u00adwei\u00adsen\u00adden Entwick\u00adlungs\u00adstra\u00adte\u00adgien in MANTED und HIT wie die deutli\u00adche Senkung der Ausfall- und Still\u00adstands\u00adzei\u00adten von Fahrzeu\u00adgen. Kern des MANTE\u00ad\u00adD\/HIT-Systems ist das von pro et con entwi\u00adckelte Tool <a title=\"Werkzeuge\" href=\"https:\/\/entw.proetcon.de\/index.php\/digitalisierung\/werkzeuge\/\">pecFLOW<\/a>. Weitere Details zu den techni\u00adschen Anfor\u00adde\u00adrun\u00adgen finden Sie <a href=\"https:\/\/entw.proetcon.de\/wp-content\/uploads\/2021\/04\/hit_business_process_automation_ase10.pdf\">hier<\/a>.<\/p>\n<p><strong>Ergeb\u00adnis: <\/strong>Die Zahl der Anfra\u00adgen, die MANTED und HIT entge\u00adgen\u00adneh\u00admen, hat sich in den letzten 10 Jahren nahezu vervier\u00adfacht. Dagegen ist die Zahl der Bearbei\u00adter, die Antr\u00e4ge behan\u00addeln, nahezu unver\u00ad\u00e4n\u00addert geblie\u00adben, was auf eine deutli\u00adche Steige\u00adrung der Effek\u00adti\u00advi\u00adt\u00e4t hinweist. MANTED und HIT verf\u00fc\u00adgen \u00fcber unz\u00e4h\u00adlige Schnitt\u00adstel\u00adlen zu MAN-inter\u00ad\u00adnen oder auch exter\u00adnen Syste\u00admen, welche Daten von MANTED\/HIT bezie\u00adhen. Mehrere Millio\u00adnen Dokumente werden durch MANTED\/HIT verwal\u00adtet. Die voraus\u00adschau\u00adende Entwick\u00adlung des Gesamt\u00adsys\u00adtems, verbun\u00adden mit einem streng modula\u00adren Aufbau, bietet eine sichere Gew\u00e4hr daf\u00fcr, dass MANTED\/HIT zukunfts\u00adsi\u00adcher ist, neues\u00adten techno\u00adlo\u00adgi\u00adschen Anfor\u00adde\u00adrun\u00adgen gen\u00fcgt und allen kommen\u00adden Aufga\u00adben gewach\u00adsen&nbsp;ist.<\/p>\n<\/div>\n\t\t<\/div><div id=\"panel-gb12056-69d29c5e8fe49-2-0-1\" class=\"so-panel widget widget_sow-button panel-last-child\" data-index=\"3\"><div class=\"so-widget-sow-button so-widget-sow-button-flat-8b88a321bb2d-12056\"><div class=\"ow-button-base ow-button-align-left\">\n\t\t\t<a href=\"https:\/\/entw.proetcon.de\/index.php\/digitalisierung\/success-stories\/\" class=\"sowb-button ow-icon-placement-left ow-button-hover\">\n\t\t<span>\n\t\t\t\n\t\t\t<b>ZUR\u00dcCK ZU DEN SUCCESS STORIES<\/b>\t\t<\/span>\n\t\t\t<\/a>\n\t<\/div>\n<\/div><\/div><\/div><\/div><\/div><\/div>","protected":false},"excerpt":{"rendered":"<p>HOME &gt; DIGITA\u00adLI\u00adSIE\u00adRUNG &gt; SUCCESS STORIES &gt; MAN TRUCK &amp; BUS&nbsp;SE<\/p>\n","protected":false},"author":1,"featured_media":0,"parent":12116,"menu_order":2,"comment_status":"closed","ping_status":"closed","template":"","meta":{"inline_featured_image":false,"wp_typography_post_enhancements_disabled":false,"footnotes":""},"class_list":["post-12056","page","type-page","status-publish","hentry","no-thumb"],"aioseo_notices":[],"_links":{"self":[{"href":"https:\/\/entw.proetcon.de\/index.php\/wp-json\/wp\/v2\/pages\/12056","targetHints":{"allow":["GET"]}}],"collection":[{"href":"https:\/\/entw.proetcon.de\/index.php\/wp-json\/wp\/v2\/pages"}],"about":[{"href":"https:\/\/entw.proetcon.de\/index.php\/wp-json\/wp\/v2\/types\/page"}],"author":[{"embeddable":true,"href":"https:\/\/entw.proetcon.de\/index.php\/wp-json\/wp\/v2\/users\/1"}],"replies":[{"embeddable":true,"href":"https:\/\/entw.proetcon.de\/index.php\/wp-json\/wp\/v2\/comments?post=12056"}],"version-history":[{"count":0,"href":"https:\/\/entw.proetcon.de\/index.php\/wp-json\/wp\/v2\/pages\/12056\/revisions"}],"up":[{"embeddable":true,"href":"https:\/\/entw.proetcon.de\/index.php\/wp-json\/wp\/v2\/pages\/12116"}],"wp:attachment":[{"href":"https:\/\/entw.proetcon.de\/index.php\/wp-json\/wp\/v2\/media?parent=12056"}],"curies":[{"name":"wp","href":"https:\/\/api.w.org\/{rel}","templated":true}]}}