{"id":10840,"date":"2024-05-23T12:00:57","date_gmt":"2024-05-23T10:00:57","guid":{"rendered":"https:\/\/entw.proetcon.de\/?page_id=10840"},"modified":"2025-03-27T16:03:47","modified_gmt":"2025-03-27T15:03:47","slug":"werkzeuge","status":"publish","type":"page","link":"https:\/\/entw.proetcon.de\/index.php\/digitalisierung\/werkzeuge\/","title":{"rendered":"Werkzeuge"},"content":{"rendered":"<div id=\"pl-gb10840-69d27e4d5062e\" class=\"panel-layout wp-block-siteorigin-panels-layout-block\"><div id=\"pg-gb10840-69d27e4d5062e-0\" class=\"panel-grid panel-no-style\"><div id=\"pgc-gb10840-69d27e4d5062e-0-0\" class=\"panel-grid-cell\"><div id=\"panel-gb10840-69d27e4d5062e-0-0-0\" class=\"so-panel widget widget_text panel-first-child panel-last-child\" data-index=\"0\"><div class=\"panel-widget-style panel-widget-style-for-gb10840-69d27e4d5062e-0-0-0\">\t\t\t<div class=\"textwidget\"><p><strong><a href=\"https:\/\/entw.proetcon.de\/\">HOME<\/a> &gt; <\/strong><a href=\"https:\/\/entw.proetcon.de\/index.php\/digitalisierung\/\"><strong>DIGITA\u00adLI\u00adSIE\u00adRUNG<\/strong><\/a> &gt; <a href=\"https:\/\/entw.proetcon.de\/index.php\/digitalisierung\/werkzeuge\"><strong>WERKZEUGE<\/strong><\/a><\/p>\n<\/div>\n\t\t<\/div><\/div><\/div><\/div><\/div>\n\n<div id=\"pl-gb10840-69d27e4d51d15\" class=\"panel-layout wp-block-siteorigin-panels-layout-block\"><div id=\"pg-gb10840-69d27e4d51d15-0\" class=\"panel-grid panel-has-style\"><div class=\"panel-row-style panel-row-style-for-gb10840-69d27e4d51d15-0\"><div id=\"pgc-gb10840-69d27e4d51d15-0-0\" class=\"panel-grid-cell\"><div id=\"panel-gb10840-69d27e4d51d15-0-0-0\" class=\"so-panel widget widget_text panel-first-child panel-last-child\" data-index=\"0\">\t\t\t<div class=\"textwidget\"><p><img decoding=\"async\" class=\"wp-image-5553 aligncenter\" src=\"https:\/\/entw.proetcon.de\/wp-content\/uploads\/2021\/07\/pecflow_logo.svg\" alt width=\"250\"><\/p>\n<\/div>\n\t\t<\/div><\/div><div id=\"pgc-gb10840-69d27e4d51d15-0-1\" class=\"panel-grid-cell\"><div id=\"panel-gb10840-69d27e4d51d15-0-1-0\" class=\"so-panel widget widget_text panel-first-child panel-last-child\" data-index=\"1\">\t\t\t<div class=\"textwidget\"><h2>pecFLOW IN IHREM UNTERNEHMEN<\/h2>\n<p>Aufgrund seiner M\u00f6glich\u00adkei\u00adten, sich detail\u00adliert an Ihre inter\u00adnen Workflows anzupas\u00adsen, verf\u00fcgt pecFLOW nat\u00fcr\u00adlich \u00fcber M\u00f6glich\u00adkei\u00adten, die Struk\u00adtur Ihres Unter\u00adneh\u00admens hinsicht\u00adlich deren Organi\u00adsa\u00adti\u00adons\u00adfor\u00admen wie Abtei\u00adlun\u00adgen, Arbeits\u00adgrup\u00adpen und Mitar\u00adbei\u00adter detail\u00adliert abzubil\u00adden. Unter\u00adschied\u00adli\u00adche Perspek\u00adti\u00adven liefern dabei jedem Betei\u00adlig\u00adten eine f\u00fcr seine T\u00e4tig\u00adkeit optimierte Sicht auf einzelne Arbeits\u00adab\u00adl\u00e4ufe. So haben Sachbe\u00adar\u00adbei\u00adter einen umfas\u00adsen\u00adden \u00dcberblick \u00fcber alle von ihnen bearbei\u00adte\u00adten Aufga\u00adben. Teamlei\u00adter anderer\u00adseits \u00fcberbli\u00adcken offene Themen ihrer Arbeitsgruppe.<\/p>\n<p>Ein ausge\u00adkl\u00fc\u00adgel\u00adtes Berech\u00ad\u00adti\u00ad\u00adgungs- und Rollen\u00adkon\u00adzept, welches in pecFLOW integriert ist, erlaubt es jedem Betei\u00adlig\u00adten, jene Funktio\u00adnen zu nutzen, welche seinem Arbeits\u00adge\u00adbiet entspre\u00adchen. Selbst\u00adver\u00adst\u00e4nd\u00adlich ber\u00fcck\u00adsich\u00adtigt pecFLOW dabei gesetz\u00adli\u00adche Regelun\u00adgen wie die DSGVO oder bietet Ihnen die M\u00f6glich\u00adkeit, die Rechte- und Rollen\u00adver\u00adgabe revisi\u00adons\u00adsi\u00adcher nach dem 4\u2011Augen-Prinzip vorzunehmen.<\/p>\n<\/div>\n\t\t<\/div><\/div><\/div><\/div><div id=\"pg-gb10840-69d27e4d51d15-1\" class=\"panel-grid panel-has-style\"><div class=\"panel-row-style panel-row-style-for-gb10840-69d27e4d51d15-1\"><div id=\"pgc-gb10840-69d27e4d51d15-1-0\" class=\"panel-grid-cell\"><div id=\"panel-gb10840-69d27e4d51d15-1-0-0\" class=\"so-panel widget widget_text panel-first-child panel-last-child\" data-index=\"2\">\t\t\t<div class=\"textwidget\"><h2>ARBEI\u00adTEN MIT pecFLOW<\/h2>\n<p>Einen schnel\u00adlen und umfas\u00adsen\u00adden \u00dcberblick \u00fcber offene, zur\u00fcck\u00adge\u00adstellte und abgeschlos\u00adsene Aufga\u00adben bietet ein integrier\u00adter Arbeits\u00advor\u00adrat, der je nach Zugangs\u00adbe\u00adrech\u00adti\u00adgung mitarbeiter\u2011, abtei\u00ad\u00adlungs- oder unter\u00adneh\u00admens\u00adbe\u00adzo\u00adgen sein kann. Der Arbeits\u00advor\u00adrat, eine digitale Ablage aller Vorg\u00e4nge, Antr\u00e4ge, Auftrags\u00adein\u00adg\u00e4nge oder Anfra\u00adgen dient gleich\u00adzei\u00adtig der Vertei\u00adlung dieser auf einzelne Mitar\u00adbei\u00adter oder Arbeits\u00adgrup\u00adpen. Er ist somit die zentrale Schalt\u00adstelle im gesam\u00adten Workflow.<\/p>\n<p>Einzelne Vorg\u00e4nge und Aufga\u00adben bearbei\u00adten Sie in \u00fcbersicht\u00adli\u00adchen Masken. pecFLOW bietet Ihnen dar\u00fcber hinaus einen homoge\u00adnen Zugriff auf alle relevan\u00adten Dokumente, unabh\u00e4n\u00adgig vom Typ und ihrer Lokali\u00adsie\u00adrung im Unter\u00adneh\u00admen oder im Inter\u00adnet. L\u00e4sti\u00adges Suchen im Datei\u00adex\u00adplo\u00adrer geh\u00f6rt damit der Vergan\u00adgen\u00adheit an, von stupi\u00adden Routi\u00adne\u00adar\u00adbei\u00adten werden sie befreit.<\/p>\n<p>Anwen\u00adder des pecFLOW-Workflow-Manage\u00ad\u00adment-Systems ben\u00f6ti\u00adgen dabei keine separate Instal\u00adla\u00adtion einer Client-Software. pecFLOW ist webba\u00adsiert und kann daher in jedem bekann\u00adten Webbrow\u00adser genutzt werden. Durch ein moder\u00adnes Layout erm\u00f6g\u00adlicht pecFLOW Ihnen ein ergono\u00admi\u00adsches Arbei\u00adten auf allen bekann\u00adten Endge\u00adr\u00e4\u00adten, sei es auf PC, Smart\u00adphone, Tablet oder anderen Systemen.<\/p>\n<\/div>\n\t\t<\/div><\/div><div id=\"pgc-gb10840-69d27e4d51d15-1-1\" class=\"panel-grid-cell\"><div id=\"panel-gb10840-69d27e4d51d15-1-1-0\" class=\"so-panel widget widget_text panel-first-child panel-last-child\" data-index=\"3\">\t\t\t<div class=\"textwidget\"><p><a href=\"https:\/\/entw.proetcon.de\/wp-content\/uploads\/2021\/07\/arbeiten_mit_pecflow.svg\"><img decoding=\"async\" class=\"wp-image-5582 aligncenter\" src=\"https:\/\/entw.proetcon.de\/wp-content\/uploads\/2021\/07\/arbeiten_mit_pecflow.svg\" alt width=\"600\"><\/a><\/p>\n<\/div>\n\t\t<\/div><\/div><\/div><\/div><div id=\"pg-gb10840-69d27e4d51d15-2\" class=\"panel-grid panel-has-style\"><div class=\"panel-row-style panel-row-style-for-gb10840-69d27e4d51d15-2\"><div id=\"pgc-gb10840-69d27e4d51d15-2-0\" class=\"panel-grid-cell\"><div id=\"panel-gb10840-69d27e4d51d15-2-0-0\" class=\"so-panel widget widget_text panel-first-child panel-last-child\" data-index=\"4\">\t\t\t<div class=\"textwidget\"><p><a href=\"https:\/\/entw.proetcon.de\/wp-content\/uploads\/2021\/07\/pecflow_arbeitsprozesse.svg\"><img decoding=\"async\" class=\"wp-image-5546 aligncenter\" src=\"https:\/\/entw.proetcon.de\/wp-content\/uploads\/2021\/07\/pecflow_arbeitsprozesse.svg\" alt width=\"800\"><\/a><\/p>\n<\/div>\n\t\t<\/div><\/div><div id=\"pgc-gb10840-69d27e4d51d15-2-1\" class=\"panel-grid-cell\"><div id=\"panel-gb10840-69d27e4d51d15-2-1-0\" class=\"so-panel widget widget_text panel-first-child panel-last-child\" data-index=\"5\">\t\t\t<div class=\"textwidget\"><h2>STEUE\u00adRUNG IHRER ARBEITSPROZESSE<\/h2>\n<p>Mit pecFLOW lassen sich Arbeits\u00adab\u00adl\u00e4ufe \u00fcberwa\u00adchen und steuern. Ein integrier\u00adtes Erinne\u00adrungs- und Eskala\u00adti\u00adons\u00adma\u00adnage\u00adment sorgt daf\u00fcr, dass Aufga\u00adben nicht \u00fcberse\u00adhen und anvisierte Termine einge\u00adhal\u00adten werden k\u00f6nnen. Droht ein Termin\u00adver\u00adzug, kann pecFLOW alle Betei\u00adlig\u00adten zyklisch u.a. per E\u2011Mail dar\u00fcber infor\u00admie\u00adren. Ein Ampel\u00adsys\u00adtem weist dabei bereits im Vorfeld auf m\u00f6gli\u00adche Eskala\u00adtio\u00adnen&nbsp;hin.<\/p>\n<p>Das Routing-Konzept, welches alle Arbeits\u00adab\u00adl\u00e4ufe pecFLOW-intern steuert, sorgt daf\u00fcr, dass Aufga\u00adben von Bearbei\u00adter zu Bearbei\u00adter oder zu anderen Arbeits\u00adgrup\u00adpen gelei\u00adtet werden. Selbst\u00adver\u00adst\u00e4nd\u00adlich gew\u00e4hrt pecFLOW Ihnen die Option, auch indivi\u00addu\u00adell in einzelne Prozesse einzugreifen.<\/p>\n<p>Basis unseres pecFLOW-Workflow-Manage\u00ad\u00adment-Systems ist eine eigen\u00adent\u00adwi\u00adckelte Workflow-Engine. Sie beinhal\u00adtet genera\u00adli\u00adsierte Kompo\u00adnen\u00adten, welche in der Regel bei jedem Workflow-Projekt notwen\u00addig sind und damit univer\u00adsell einge\u00adsetzt werden k\u00f6nnen. Darauf aufbau\u00adend entwi\u00adckeln wir unter\u00adneh\u00admens\u00adspe\u00adzi\u00adfi\u00adsche Module, mit denen Ihre inter\u00adnen Gesch\u00e4fts\u00adpro\u00adzesse model\u00adliert werden. F\u00fcr Sie sind reduzierte Kosten bei steigen\u00adder Quali\u00adt\u00e4t und wachsen\u00adder Flexi\u00adbi\u00adli\u00adt\u00e4t positive Ergeb\u00adnisse dieses Prozesses.<\/p>\n<\/div>\n\t\t<\/div><\/div><\/div><\/div><div id=\"pg-gb10840-69d27e4d51d15-3\" class=\"panel-grid panel-has-style\"><div class=\"panel-row-style panel-row-style-for-gb10840-69d27e4d51d15-3\"><div id=\"pgc-gb10840-69d27e4d51d15-3-0\" class=\"panel-grid-cell\"><div id=\"panel-gb10840-69d27e4d51d15-3-0-0\" class=\"so-panel widget widget_text panel-first-child panel-last-child\" data-index=\"6\">\t\t\t<div class=\"textwidget\"><h2>DATEN UND DOKUMENTE<\/h2>\n<p>Dreh- und Angel\u00adpunkt aller Arbeits\u00adab\u00adl\u00e4ufe sind Daten und Dokumente. Mit pecFLOW haben Sie die M\u00f6glich\u00adkeit, Daten in den von Ihnen bevor\u00adzug\u00adten Daten\u00adbank\u00adsys\u00adte\u00admen zu speichern, seien es beispiels\u00adweise Oracle, Db2 oder Micro\u00adsoft SQL Server. pecFLOW beinhal\u00adtet aber auch eigen\u00adst\u00e4n\u00addige Datenbankl\u00f6sungen.<\/p>\n<p>Das Dokumen\u00adten\u00adma\u00adnage\u00adment unter\u00adst\u00fctzt pecFLOW auf vielf\u00e4l\u00adtige Art und Weise. Dokumente erhal\u00adten Sie in der Regel auf unter\u00adschied\u00adli\u00adchen Wegen, \u00fcber E\u2011Mail, als Fax, aus kunden\u00adsei\u00adti\u00adgen Anfra\u00adgen \u00fcber Webfor\u00admu\u00adlare oder posta\u00adlisch. Die in pecFLOW integrierte Digita\u00adli\u00adsie\u00adrungs\u00adschnitt\u00adstelle berei\u00adtet einge\u00adhende Daten so auf, dass sie in homoge\u00adner Form im Arbeits\u00advor\u00adrat abgelegt werden. Eine manuelle, zeitauf\u00adwen\u00addige und fehler\u00adan\u00adf\u00e4l\u00adlige \u00dcberwa\u00adchung von E\u2011Mail-Accounts oder Faxge\u00adr\u00e4\u00adten entf\u00e4llt damit vollst\u00e4ndig.<\/p>\n<p>Auch auf dem Gebiet der Dokumen\u00adten\u00ader\u00adstel\u00adlung erhal\u00adten Sie von pecFLOW umfas\u00adsende Unter\u00adst\u00fct\u00adzung. Die automa\u00adti\u00adsierte Generie\u00adrung von PDF-Dokumen\u00ad\u00adten beherrscht pecFLOW ebenso wie die Dokumen\u00adten\u00ader\u00adzeu\u00adgung in \u00fcblichen Office-Formaten.<\/p>\n<\/div>\n\t\t<\/div><\/div><div id=\"pgc-gb10840-69d27e4d51d15-3-1\" class=\"panel-grid-cell\"><div id=\"panel-gb10840-69d27e4d51d15-3-1-0\" class=\"so-panel widget widget_text panel-first-child panel-last-child\" data-index=\"7\">\t\t\t<div class=\"textwidget\"><p><a href=\"https:\/\/entw.proetcon.de\/wp-content\/uploads\/2021\/07\/daten_und_dokumente.svg\"><img decoding=\"async\" class=\"wp-image-5562 aligncenter\" src=\"https:\/\/entw.proetcon.de\/wp-content\/uploads\/2021\/07\/daten_und_dokumente.svg\" alt width=\"600\"><\/a><\/p>\n<\/div>\n\t\t<\/div><\/div><\/div><\/div><div id=\"pg-gb10840-69d27e4d51d15-4\" class=\"panel-grid panel-has-style\"><div class=\"panel-row-style panel-row-style-for-gb10840-69d27e4d51d15-4\"><div id=\"pgc-gb10840-69d27e4d51d15-4-0\" class=\"panel-grid-cell\"><div id=\"panel-gb10840-69d27e4d51d15-4-0-0\" class=\"so-panel widget widget_text panel-first-child panel-last-child\" data-index=\"8\">\t\t\t<div class=\"textwidget\"><p><img decoding=\"async\" class=\"wp-image-5567 aligncenter\" src=\"https:\/\/entw.proetcon.de\/wp-content\/uploads\/2021\/07\/pecflow_komponenten.svg\" alt width=\"400\"><\/p>\n<\/div>\n\t\t<\/div><\/div><div id=\"pgc-gb10840-69d27e4d51d15-4-1\" class=\"panel-grid-cell\"><div id=\"panel-gb10840-69d27e4d51d15-4-1-0\" class=\"so-panel widget widget_text panel-first-child panel-last-child\" data-index=\"9\">\t\t\t<div class=\"textwidget\"><h2>INTEGRA\u00adTION IN IHRE IT-INFRASTRUKTUR<\/h2>\n<p>pecFLOW besitzt \u00fcber seinen enormen Leistungs\u00adum\u00adfang hinaus die M\u00f6glich\u00adkeit, sich vielf\u00e4l\u00adtig in Ihre unter\u00adneh\u00admens\u00adin\u00adterne IT-Landschaft zu integrie\u00adren. Der Aufbau von Schnitt\u00adstel\u00adlen zu Ihren bestehen\u00adden Syste\u00admen ist dabei \u00e4u\u00dferst effizi\u00adent m\u00f6glich. Spezi\u00adell f\u00fcr pecFLOW haben wir Tools zur Inter\u00ad\u00adface-Generie\u00adrung entwi\u00adckelt, die alle moder\u00adnen Kommu\u00adni\u00adka\u00adti\u00adons\u00adtech\u00adno\u00adlo\u00adgien wie beispiels\u00adweise REST- oder SOAP-Proto\u00ad\u00adkolle unter\u00adst\u00fct\u00adzen. Der bidirek\u00adtio\u00adnale Daten\u00adaus\u00adtausch zwischen pecFLOW und weite\u00adren Anwen\u00addun\u00adgen in Ihrem Unter\u00adneh\u00admen ist auf diese Weise problem\u00adlos m\u00f6glich, sei es beispiels\u00adweise zur Faktu\u00adrie\u00adrung, zum Mail- oder Faxver\u00adsand oder zur revisi\u00adons\u00adsi\u00adche\u00adren Langzeit\u00adar\u00adchi\u00advie\u00adrung Ihrer Dokumente.<\/p>\n<p>Unter\u00adst\u00fctzt werden selbst\u00adver\u00adst\u00e4nd\u00adlich auch reine Daten\u00adbank\u00adschnitt\u00adstel\u00adlen, der Daten\u00adtrans\u00adfer mit den M\u00f6glich\u00adkei\u00adten der File-Kommu\u00ad\u00adni\u00ad\u00adka\u00ad\u00adtion oder auch jener zwischen pecFLOW und proprie\u00adt\u00e4\u00adren Syste\u00admen mit nicht standar\u00addi\u00adsier\u00adten Schnittstellen.<\/p>\n<\/div>\n\t\t<\/div><\/div><\/div><\/div><div id=\"pg-gb10840-69d27e4d51d15-5\" class=\"panel-grid panel-has-style\"><div class=\"panel-row-style panel-row-style-for-gb10840-69d27e4d51d15-5\"><div id=\"pgc-gb10840-69d27e4d51d15-5-0\" class=\"panel-grid-cell\"><div id=\"panel-gb10840-69d27e4d51d15-5-0-0\" class=\"so-panel widget widget_text panel-first-child panel-last-child\" data-index=\"10\">\t\t\t<div class=\"textwidget\"><h2>STATIS\u00adTIK UND AUSWERTUNGEN<\/h2>\n<p>Statis\u00adti\u00adken sind eine wesent\u00adli\u00adche Grund\u00adlage f\u00fcr die weitere Optimie\u00adrung der Arbeits\u00adab\u00adl\u00e4ufe in Ihrem Unter\u00adneh\u00admen, zur Steige\u00adrung der Effek\u00adti\u00advi\u00adt\u00e4t oder f\u00fcr strate\u00adgi\u00adsche Unter\u00adneh\u00admens\u00adpla\u00adnun\u00adgen. pecFLOW bietet Ihnen auch auf diesem Gebiet umfang\u00adrei\u00adche Unter\u00adst\u00fct\u00adzung. Die Auswer\u00adtung Ihrer Daten\u00adbe\u00adst\u00e4nde, die selbst\u00adver\u00adst\u00e4nd\u00adlich nur jenen Verant\u00adwort\u00adli\u00adchen zug\u00e4n\u00adgig ist, die \u00fcber die entspre\u00adchen\u00adden Berech\u00adti\u00adgun\u00adgen verf\u00fc\u00adgen, liefert Ihnen detail\u00adlierte Infor\u00adma\u00adtio\u00adnen zu unter\u00adschied\u00adli\u00adchen Kennzif\u00adfern. Dabei ist es belang\u00adlos, ob Sie die Aufbe\u00adrei\u00adtung der Ergeb\u00adnisse grafisch oder in tabel\u00adla\u00adri\u00adscher Form erwar\u00adten. pecFLOW bietet Ihnen diese M\u00f6glich\u00adkei\u00adten und weiter\u00adhin nat\u00fcr\u00adlich Varian\u00adten, alle Ergeb\u00adnisse in bekannte Office-Formate oder als PDF-Dokument zu exportieren.<\/p>\n<\/div>\n\t\t<\/div><\/div><div id=\"pgc-gb10840-69d27e4d51d15-5-1\" class=\"panel-grid-cell\"><div id=\"panel-gb10840-69d27e4d51d15-5-1-0\" class=\"so-panel widget widget_text panel-first-child panel-last-child\" data-index=\"11\">\t\t\t<div class=\"textwidget\"><p><a href=\"https:\/\/entw.proetcon.de\/wp-content\/uploads\/2021\/06\/diagramm_vektorisiert.svg\"><img decoding=\"async\" class=\"wp-image-4888 aligncenter\" src=\"https:\/\/entw.proetcon.de\/wp-content\/uploads\/2021\/06\/diagramm_vektorisiert.svg\" alt width=\"1500\"><\/a><\/p>\n<\/div>\n\t\t<\/div><\/div><\/div><\/div><div id=\"pg-gb10840-69d27e4d51d15-6\" class=\"panel-grid panel-has-style\"><div class=\"panel-row-style panel-row-style-for-gb10840-69d27e4d51d15-6\"><div id=\"pgc-gb10840-69d27e4d51d15-6-0\" class=\"panel-grid-cell\"><div id=\"panel-gb10840-69d27e4d51d15-6-0-0\" class=\"so-panel widget widget_text panel-first-child panel-last-child\" data-index=\"12\">\t\t\t<div class=\"textwidget\"><p><a href=\"https:\/\/entw.proetcon.de\/wp-content\/uploads\/2021\/07\/pecflow_kunden_vektorisiert.svg\"><img decoding=\"async\" class=\"wp-image-5569 aligncenter\" src=\"https:\/\/entw.proetcon.de\/wp-content\/uploads\/2021\/07\/pecflow_kunden_vektorisiert.svg\" alt width=\"600\"><\/a><\/p>\n<\/div>\n\t\t<\/div><\/div><div id=\"pgc-gb10840-69d27e4d51d15-6-1\" class=\"panel-grid-cell\"><div id=\"panel-gb10840-69d27e4d51d15-6-1-0\" class=\"so-panel widget widget_text panel-first-child panel-last-child\" data-index=\"13\">\t\t\t<div class=\"textwidget\"><h2>pecFLOW F\u00dcR IHRE KUNDEN<\/h2>\n<p>Sie erhal\u00adten Anfra\u00adgen, Antr\u00e4ge oder Nachrich\u00adten von Ihren Kunden und m\u00f6chten diese ebenfalls in Ihrem Workflow-Manage\u00ad\u00adment-System bearbei\u00adten und verwal\u00adten? Kein Problem! pecFLOW liefert auch auf diesem Gebiet die passen\u00adden Varian\u00adten. L\u00f6sun\u00adgen im Webum\u00adfeld bieten auch hier das gr\u00f6\u00dfte Poten\u00adzial f\u00fcr den Infor\u00adma\u00adti\u00adons\u00adaus\u00adtausch zwischen Ihnen und Ihren Kunden.<\/p>\n<p>Webfor\u00admu\u00adlare und \u2011masken, mit denen Sie unter\u00adneh\u00admens\u00adin\u00adtern arbei\u00adten, k\u00f6nnen daher in analo\u00adger Form auch Ihren Kunden weltweit bereit\u00adge\u00adstellt werden. Das in pecFLOW integrierte Sicher\u00adheits\u00adkon\u00adzept sorgt dabei f\u00fcr eine strenge Trennung zwischen der kunden\u00adsei\u00adti\u00adgen Inter\u00ad\u00adnet- und Ihrer unter\u00adneh\u00admens\u00adin\u00adter\u00adnen Intra\u00ad\u00adnet-Platt\u00ad\u00adform. Ebenso werden recht\u00adli\u00adche Anfor\u00adde\u00adrun\u00adgen des Daten\u00adschut\u00adzes ber\u00fccksichtigt.<\/p>\n<p>Um Kunden weltweit zu errei\u00adchen, verf\u00fcgt pecFLOW \u00fcber M\u00f6glich\u00adkei\u00adten, alle Infor\u00adma\u00adtio\u00adnen in belie\u00adbi\u00adgen Sprachen zu kommunizieren.<\/p>\n<\/div>\n\t\t<\/div><\/div><\/div><\/div><div id=\"pg-gb10840-69d27e4d51d15-7\" class=\"panel-grid panel-has-style\"><div class=\"panel-row-style panel-row-style-for-gb10840-69d27e4d51d15-7\"><div id=\"pgc-gb10840-69d27e4d51d15-7-0\" class=\"panel-grid-cell\"><div id=\"panel-gb10840-69d27e4d51d15-7-0-0\" class=\"so-panel widget widget_text panel-first-child panel-last-child\" data-index=\"14\">\t\t\t<div class=\"textwidget\"><h2>WIE UNTER\u00adST\u00dcT\u00adZEN WIR&nbsp;SIE?<\/h2>\n<p>So wie pecFLOW Sie mit Ihren Kunden verbin\u00addet, besteht auch f\u00fcr Sie die M\u00f6glich\u00adkeit, mit uns als Entwick\u00adler von pecFLOW in Kontakt zu treten. Dazu nutzt pecFLOW ein integrier\u00adtes Ticket\u00adsys\u00adtem, \u00fcber das Sie Meldun\u00adgen, Vorschl\u00e4ge und Empfeh\u00adlun\u00adgen f\u00fcr Weiter\u00adent\u00adwick\u00adlun\u00adgen oder Anpas\u00adsun\u00adgen an uns weiter\u00adlei\u00adten k\u00f6nnen. Eine z\u00fcgige und zeitnahe Bearbei\u00adtung Ihrer Anlie\u00adgen sichern wir Ihnen&nbsp;zu.<\/p>\n<\/div>\n\t\t<\/div><\/div><div id=\"pgc-gb10840-69d27e4d51d15-7-1\" class=\"panel-grid-cell\"><div id=\"panel-gb10840-69d27e4d51d15-7-1-0\" class=\"so-panel widget widget_text panel-first-child panel-last-child\" data-index=\"15\">\t\t\t<div class=\"textwidget\"><p><a href=\"https:\/\/entw.proetcon.de\/wp-content\/uploads\/2021\/07\/pecflow_tickets.svg\"><img decoding=\"async\" class=\"wp-image-5576 aligncenter\" src=\"https:\/\/entw.proetcon.de\/wp-content\/uploads\/2021\/07\/pecflow_tickets.svg\" alt width=\"800\"><\/a><\/p>\n<\/div>\n\t\t<\/div><\/div><\/div><\/div><div id=\"pg-gb10840-69d27e4d51d15-8\" class=\"panel-grid panel-has-style\"><div class=\"panel-row-style panel-row-style-for-gb10840-69d27e4d51d15-8\"><div id=\"pgc-gb10840-69d27e4d51d15-8-0\" class=\"panel-grid-cell panel-grid-cell-mobile-last\"><div id=\"panel-gb10840-69d27e4d51d15-8-0-0\" class=\"so-panel widget widget_sow-button panel-first-child panel-last-child\" data-index=\"16\"><div class=\"panel-widget-style panel-widget-style-for-gb10840-69d27e4d51d15-8-0-0\"><div class=\"so-widget-sow-button so-widget-sow-button-flat-33da4ff7b339-10840\"><div class=\"ow-button-base ow-button-align-left\">\n\t\t\t<a href=\"https:\/\/entw.proetcon.de\/index.php\/digitalisierung\/success-stories\/\" class=\"sowb-button ow-icon-placement-left ow-button-hover\">\n\t\t<span>\n\t\t\t\n\t\t\t<b>ZU UNSEREN SUCCESS STORIES<\/b>\t\t<\/span>\n\t\t\t<\/a>\n\t<\/div>\n<\/div><\/div><\/div><\/div><div id=\"pgc-gb10840-69d27e4d51d15-8-1\" class=\"panel-grid-cell panel-grid-cell-empty\"><\/div><\/div><\/div><\/div>","protected":false},"excerpt":{"rendered":"<p>HOME &gt; DIGITA\u00adLI\u00adSIE\u00adRUNG &gt; WERKZEUGE<\/p>\n","protected":false},"author":1,"featured_media":4680,"parent":4218,"menu_order":93,"comment_status":"closed","ping_status":"closed","template":"","meta":{"inline_featured_image":false,"wp_typography_post_enhancements_disabled":false,"footnotes":""},"class_list":["post-10840","page","type-page","status-publish","has-post-thumbnail","hentry","has-thumb"],"aioseo_notices":[],"_links":{"self":[{"href":"https:\/\/entw.proetcon.de\/index.php\/wp-json\/wp\/v2\/pages\/10840","targetHints":{"allow":["GET"]}}],"collection":[{"href":"https:\/\/entw.proetcon.de\/index.php\/wp-json\/wp\/v2\/pages"}],"about":[{"href":"https:\/\/entw.proetcon.de\/index.php\/wp-json\/wp\/v2\/types\/page"}],"author":[{"embeddable":true,"href":"https:\/\/entw.proetcon.de\/index.php\/wp-json\/wp\/v2\/users\/1"}],"replies":[{"embeddable":true,"href":"https:\/\/entw.proetcon.de\/index.php\/wp-json\/wp\/v2\/comments?post=10840"}],"version-history":[{"count":0,"href":"https:\/\/entw.proetcon.de\/index.php\/wp-json\/wp\/v2\/pages\/10840\/revisions"}],"up":[{"embeddable":true,"href":"https:\/\/entw.proetcon.de\/index.php\/wp-json\/wp\/v2\/pages\/4218"}],"wp:featuredmedia":[{"embeddable":true,"href":"https:\/\/entw.proetcon.de\/index.php\/wp-json\/wp\/v2\/media\/4680"}],"wp:attachment":[{"href":"https:\/\/entw.proetcon.de\/index.php\/wp-json\/wp\/v2\/media?parent=10840"}],"curies":[{"name":"wp","href":"https:\/\/api.w.org\/{rel}","templated":true}]}}